{"id":7856,"date":"2019-06-07T09:00:49","date_gmt":"2019-06-07T17:00:49","guid":{"rendered":"http:\/\/www.drugpolicy.ca\/about\/canadian-drug-policy-coalition-members\/"},"modified":"2022-05-25T16:34:44","modified_gmt":"2022-05-25T23:34:44","slug":"canadian-drug-policy-coalition-members","status":"publish","type":"page","link":"https:\/\/www.drugpolicy.ca\/fr\/about-old\/canadian-drug-policy-coalition-members\/","title":{"rendered":"Membres de la coalition"},"content":{"rendered":"\n\n\t<p>Nous invitons les organismes, associations et individus int\u00e9ress\u00e9s, partout au Canada, \u00e0 se joindre \u00e0 nous pour fa\u00e7onner l&#8217;avenir des politiques, des lois et des pratiques institutionnelles sur les drogues par le biais du travail de la CCPD. Partagez vos id\u00e9es, participez aux discussions et collaborez avec les communaut\u00e9s afin de transformer les politiques sur les drogues sur la base des donn\u00e9es probantes, des droits humains, de l&#8217;inclusion sociale et de la sant\u00e9 publique.<\/p>\n<p><a href=\"https:\/\/drugpolicy.ca\/fr\/join-the-coalition\/\" target=\"_blank\" rel=\"noopener\">Joignez-vous<\/a> \u00e0 nous et participez \u00e0 notre processus de dialogue et d&#8217;action national.<\/p>\n<a href=\"#\"><img decoding=\"async\" alt=\"NationalDayofAction2019\" src=\"https:\/\/public.tableau.com\/static\/images\/CD\/CDPCCoalitionMembers\/Dashboard1\/1_rss.png\"\/><\/a><object width=\"100%\" height=\"600\"><\/object>\n\t<p><a href=\"http:\/\/avi.org\/\" target=\"_blank\" rel=\"noreferrer noopener\" aria-label=\"AIDS Vancouver Island (opens in a new tab)\">AIDS Vancouver Island<\/a><\/p>\n<p><a href=\"http:\/\/aidscoalitionofcapebreton.ca\/\" target=\"_blank\" rel=\"noreferrer noopener\" aria-label=\"AIDS Coalition of Cape Breton (opens in a new tab)\">AIDS Coalition of Cape Breton<\/a><\/p>\n<p><a href=\"http:\/\/avenueb.ca\/\" target=\"_blank\" rel=\"noreferrer noopener\" aria-label=\"Avenue B Harm Reduction (opens in a new tab)\">Avenue B Harm Reduction<\/a><\/p>\n<p><a href=\"https:\/\/www.allianceon.org\/\" target=\"_blank\" rel=\"noreferrer noopener\" aria-label=\"Alliance for Healthier Communities in Ontario (opens in a new tab)\">Alliance for Healthier Communities in Ontario<\/a><\/p>\n<p><a href=\"https:\/\/aqpsud.org\/\" target=\"_blank\" rel=\"noreferrer noopener\" aria-label=\"AQPSUD - L'Association Qu\u00e9b\u00e9coise pour la promotion de la sant\u00e9 des personnes utilisatrices de drogues (opens in a new tab)\">AQPSUD &#8211; L&#8217;Association Qu\u00e9b\u00e9coise pour la promotion de la sant\u00e9 des personnes utilisatrices de drogues<\/a><\/p>\n<p><a href=\"http:\/\/www.aidsnb.com\/en\/\" target=\"_blank\" rel=\"noreferrer noopener\" aria-label=\"AIDS New Brunswick | SIDA Nouveau-Brunswick (opens in a new tab)\">AIDS New Brunswick | SIDA Nouveau-Brunswick<\/a><\/p>\n<p><a href=\"https:\/\/acnl.net\/\" target=\"_blank\" rel=\"noreferrer noopener\" aria-label=\"AIDS Committee of Newfoundland and Labrador (opens in a new tab)\">AIDS Committee of Newfoundland and Labrador<\/a><\/p>\n<p><a href=\"http:\/\/www.worldhepatitisalliance.org\/member\/ankors-aids-network-kootenay-outreach-and-support-society\" target=\"_blank\" rel=\"noreferrer noopener\" aria-label=\"ANKORS - AIDS Network Kootenay Outreach and Support Society (opens in a new tab)\">ANKORS &#8211; AIDS Network Kootenay Outreach and Support Society<\/a><\/p>\n<p><a href=\"https:\/\/aidq.org\/\" target=\"_blank\" rel=\"noreferrer noopener\">Association des intervenants en d\u00e9pendance du Qu\u00e9bec (AIDQ)<\/a><\/p>\n<p><a href=\"http:\/\/cfenet.ubc.ca\/\" target=\"_blank\" rel=\"noreferrer noopener\" aria-label=\"BC Centre for Excellence in HIV\/AIDS (opens in a new tab)\">BC Centre for Excellence in HIV\/AIDS<\/a><\/p>\n<p><a href=\"https:\/\/www.boylestreet.org\/\" target=\"_blank\" rel=\"noreferrer noopener\" aria-label=\"Boyle Street Community Services (opens in a new tab)\">Boyle Street Community Services<\/a><\/p>\n<p><a href=\"https:\/\/bloodties.ca\/harm-reduction\/\" target=\"_blank\" rel=\"noreferrer noopener\" aria-label=\"Blood Ties (opens in a new tab)\">Blood Ties<\/a><\/p>\n<p><a href=\"http:\/\/www.chrysalissociety.com\/Home.aspx\" target=\"_blank\" rel=\"noreferrer noopener\" aria-label=\"Chrysalis Society (opens in a new tab)\">Chrysalis Society<\/a><\/p>\n<p><a href=\"https:\/\/coolaid.org\/\" target=\"_blank\" rel=\"noreferrer noopener\" aria-label=\"Cool Aid Society (opens in a new tab)\">Cool Aid Society<\/a><\/p>\n<p><a href=\"https:\/\/cactusmontreal.org\/?lang=en\" target=\"_blank\" rel=\"noreferrer noopener\" aria-label=\"CACTUS Montr\u00e9al (opens in a new tab)\">CACTUS Montr\u00e9al<\/a><\/p>\n<p><a href=\"https:\/\/ctac.ca\/\" target=\"_blank\" rel=\"noreferrer noopener\" aria-label=\"Canadian Treatment Action Council (opens in a new tab)\">Canadian Treatment Action Council<\/a><\/p>\n<p><a href=\"https:\/\/cssdp.org\/\" target=\"_blank\" rel=\"noreferrer noopener\" aria-label=\"CSSDP | Canadian Students for Sensible Drug Policy (opens in a new tab)\">CSSDP | Canadian Students for Sensible Drug Policy<\/a><\/p>\n<p><a href=\"http:\/\/canac.org\/\" target=\"_blank\" rel=\"noreferrer noopener\" aria-label=\"Canadian Association of Nurses in HIV\/AIDS Care (opens in a new tab)\">Canadian Association of Nurses in HIV\/AIDS Care<\/a><\/p>\n<p><a href=\"https:\/\/www.cdnaids.ca\/\" target=\"_blank\" rel=\"noreferrer noopener\" aria-label=\"Canadian AIDS Society \/ Soci\u00e9t\u00e9 canadienne du sida (opens in a new tab)\">Canadian AIDS Society \/ Soci\u00e9t\u00e9 canadienne du sida<\/a><\/p>\n<p><a href=\"https:\/\/cusj.org\/\" target=\"_blank\" rel=\"noreferrer noopener\" aria-label=\"Canadian Unitarians For Social Justice (opens in a new tab)\">Canadian Unitarians For Social Justice<\/a><\/p>\n<p><a href=\"http:\/\/www.aidslaw.ca\/site\/?lang=en\" target=\"_blank\" rel=\"noreferrer noopener\" aria-label=\"Canadian HIV\/AIDS Legal Network (opens in a new tab)\">Canadian HIV\/AIDS Legal Network<\/a><\/p>\n<p><a href=\"https:\/\/turningpoint-ca.org\/\" target=\"_blank\" rel=\"noreferrer noopener\" aria-label=\"Turning Point Society of Central Alberta (opens in a new tab)\">Turning Point Society of Central Alberta<\/a><\/p>\n<p><a href=\"https:\/\/survivornet.ca\/\" target=\"_blank\" rel=\"noreferrer noopener\" aria-label=\" (opens in a new tab)\">Canadian Cancer Survivor Network<\/a><\/p>\n<p><a href=\"https:\/\/www.direction180.ca\/\" target=\"_blank\" rel=\"noreferrer noopener\" aria-label=\"Direction 180 (opens in a new tab)\">Direction 180<\/a><\/p>\n<p><a href=\"http:\/\/www.dixonhall.org\/\" target=\"_blank\" rel=\"noreferrer noopener\" aria-label=\"Dixon Hall Neighbourhood Services (opens in a new tab)\">Dixon Hall Neighbourhood Services<\/a><\/p>\n<p><a href=\"https:\/\/elixir.qc.ca\/\" target=\"_blank\" rel=\"noreferrer noopener\" aria-label=\" (opens in a new tab)\">\u00c9lixir<\/a><\/p>\n<p><a href=\"https:\/\/www.facebook.com\/EFSDP\/\" target=\"_blank\" rel=\"noreferrer noopener\" aria-label=\"Educators for Sensible Drug Policy (opens in a new tab)\">Educators for Sensible Drug Policy<\/a><\/p>\n<p><a href=\"https:\/\/www.farcanada.org\/\" target=\"_blank\" rel=\"noreferrer noopener\" aria-label=\"Families for Addition Recovery (opens in a new tab)\">Families for Addition Recovery<\/a><\/p>\n<p><a href=\"https:\/\/fcssbc.ca\/\" target=\"_blank\" rel=\"noreferrer noopener\" aria-label=\"FCSSBC - Federation of Community Social Services of BC (opens in a new tab)\">FCSSBC &#8211; Federation of Community Social Services of BC<\/a><\/p>\n<p><a href=\"https:\/\/www.fromgrieftoaction.com\/\" target=\"_blank\" rel=\"noreferrer noopener\" aria-label=\"FGTA - From Grief to Action (opens in a new tab)\">FGTA &#8211; From Grief to Action<\/a><\/p>\n<p><a href=\"https:\/\/grip-prevention.ca\/\" target=\"_blank\" rel=\"noreferrer noopener\" aria-label=\"Grip Montr\u00e9al (opens in a new tab)\">Grip Montr\u00e9al<\/a><\/p>\n<p><a href=\"https:\/\/groupeharmoniedotorg1.wordpress.com\/\" target=\"_blank\" rel=\"noreferrer noopener\" aria-label=\"Groupe Harmonie (opens in a new tab)\">Groupe Harmonie<\/a><\/p>\n<p><a href=\"https:\/\/headandhands.ca\/\" target=\"_blank\" rel=\"noreferrer noopener\" aria-label=\"\u00c0 Deux Mains \/ Head &amp; Hands (opens in a new tab)\">\u00c0 Deux Mains \/ Head &amp; Hands<\/a><\/p>\n<p><a href=\"https:\/\/healthprovidersagainstpoverty.ca\/\" target=\"_blank\" rel=\"noreferrer noopener\" aria-label=\"Health Providers Against Poverty (opens in a new tab)\">Health Providers Against Poverty<\/a><\/p>\n<p><a href=\"http:\/\/www.hrna-aiirm.ca\/\" target=\"_blank\" rel=\"noreferrer noopener\">Harm Reduction Nurses Association<\/a><\/p>\n<p>Law Enforcement Against Prohibition (Canada)<\/p>\n<p><a href=\"http:\/\/lprc.ca\/\" target=\"_blank\" rel=\"noreferrer noopener\" aria-label=\"Living Positive Resource Centre (opens in a new tab)\">Living Positive Resource Centre<\/a><\/p>\n<p><a href=\"https:\/\/mhrn.ca\/\" target=\"_blank\" rel=\"noopener\">Manitoba Harm Reduction Network<\/a><\/p>\n<p><a href=\"https:\/\/www.momsstoptheharm.com\/\" target=\"_blank\" rel=\"noreferrer noopener\" aria-label=\"Moms Stop the Harm (opens in a new tab)\">Moms Stop the Harm<\/a><\/p>\n<p><a href=\"http:\/\/www.mumsdu.com\/\" target=\"_blank\" rel=\"noreferrer noopener\" aria-label=\"mumsDU - Moms United and Mandated to Saving the Lives of Drug Users (opens in a new tab)\">mumsDU &#8211; Moms United and Mandated to Saving the Lives of Drug Users<\/a><\/p>\n<p><a href=\"http:\/\/www.ohrn.org\/\" target=\"_blank\" rel=\"noreferrer noopener\" aria-label=\"Ontario Harm Reduction Network (opens in a new tab)\">Ontario Harm Reduction Network<\/a><\/p>\n<p><a href=\"https:\/\/prairiehr.ca\/\" target=\"_blank\" rel=\"noopener\">Prairie Harm Reduction<\/a><\/p>\n<p><a href=\"https:\/\/www.pacifichepc.org\/\" target=\"_blank\" rel=\"noreferrer noopener\" aria-label=\"Pacific Hepatitis C Network (opens in a new tab)\">Pacific Hepatitis C Network<\/a><\/p>\n<p><a href=\"http:\/\/parc.on.ca\/\" target=\"_blank\" rel=\"noreferrer noopener\" aria-label=\"Parkdale Activity-Recreation Centre (opens in a new tab)\">Parkdale Activity-Recreation Centre<\/a><\/p>\n<p><a href=\"http:\/\/www.pasan.org\/\" target=\"_blank\" rel=\"noreferrer noopener\" aria-label=\"PASAN (opens in a new tab)\">PASAN<\/a><\/p>\n<p><a href=\"http:\/\/peterboroughdrugstrategy.com\/\" target=\"_blank\" rel=\"noopener\">Peterborough Drug Strategy<\/a><\/p>\n<p><a href=\"http:\/\/www.pivotlegal.org\/\" target=\"_blank\" rel=\"noreferrer noopener\" aria-label=\"Pivot Legal Society (opens in a new tab)\">Pivot Legal Society<\/a><\/p>\n<p><a href=\"https:\/\/www.hivaidsconnection.ca\/\" target=\"_blank\" rel=\"noreferrer noopener\" aria-label=\"Regional HIV\/AIDS Connection (opens in a new tab)\">Regional HIV\/AIDS Connection<\/a><\/p>\n<p><a href=\"http:\/\/www.streetworks.ca\/\" target=\"_blank\" rel=\"noreferrer noopener\" aria-label=\"Streetworks (opens in a new tab)\">Streetworks<\/a><\/p>\n<p><a href=\"https:\/\/www.streetsaviours.org\/\" target=\"_blank\" rel=\"noopener\">Street Saviors Outreach Society<\/a><\/p>\n<p><a href=\"http:\/\/www.shelterhouse.on.ca\/\" target=\"_blank\" rel=\"noreferrer noopener\" aria-label=\"Shelter House Thunder Bay (opens in a new tab)\">Shelter House Thunder Bay<\/a><\/p>\n<p><a href=\"http:\/\/www.spectrederue.org\/\" target=\"_blank\" rel=\"noreferrer noopener\" aria-label=\"Spectre de rue (opens in a new tab)\">Spectre de rue<\/a><\/p>\n<p><a href=\"https:\/\/www.shchc.ca\/\" target=\"_blank\" rel=\"noreferrer noopener\" aria-label=\"Sandy Hill CHC | CSC C\u00f4te-de-sable (opens in a new tab)\">Sandy Hill CHC | CSC C\u00f4te-de-sable<\/a><\/p>\n<p><a href=\"https:\/\/vandureplace.wordpress.com\/\" target=\"_blank\" rel=\"noreferrer noopener\" aria-label=\"VANDU - Vancouver Area Network of Drug Users (opens in a new tab)\">VANDU &#8211; Vancouver Area Network of Drug Users<\/a><\/p>\n<p><a href=\"https:\/\/www.uvic.ca\/research\/centres\/cisur\/index.php\" target=\"_blank\" rel=\"noreferrer noopener\" aria-label=\"Canadian Institute for Substance Use Research - CISUR (opens in a new tab)\">Canadian Institute for Substance Use Research &#8211; CISUR<\/a><\/p>\n<p><a href=\"http:\/\/www.watari.ca\/\" target=\"_blank\" rel=\"noreferrer noopener\" aria-label=\"Watari Counselling &amp; Support Services Society (opens in a new tab)\">Watari Counselling &amp; Support Services Society<\/a><\/p>\n<p><a href=\"http:\/\/www.youthco.org\/\" target=\"_blank\" rel=\"noreferrer noopener\" aria-label=\"YouthCO HIV &amp; Hep C Society (opens in a new tab)\">YouthCO HIV &amp; Hep C Society<\/a><\/p>\n\n","protected":false},"excerpt":{"rendered":"<p>Joignez-vous \u00e0 nous et participez \u00e0 notre processus de dialogue et d\u2019action national.<\/p>\n","protected":false},"author":38,"featured_media":5474,"parent":2505,"menu_order":0,"comment_status":"closed","ping_status":"closed","template":"page-templates\/fullwidthpage.php","meta":{"_acf_changed":false,"_crdt_document":"","footnotes":""},"class_list":["post-7856","page","type-page","status-publish","has-post-thumbnail","hentry"],"acf":[],"mb":[],"yoast_head":"<!-- This site is optimized with the Yoast SEO plugin v27.3 - https:\/\/yoast.com\/product\/yoast-seo-wordpress\/ -->\n<title>Membres de la coalition - Canadian Drug Policy Coalition<\/title>\n<meta name=\"description\" content=\"Joignez-vous \u00e0 nous et participez \u00e0 notre processus de dialogue et d\u2019action national.\" \/>\n<meta name=\"robots\" content=\"index, follow, max-snippet:-1, max-image-preview:large, max-video-preview:-1\" \/>\n<link rel=\"canonical\" href=\"https:\/\/www.drugpolicy.ca\/fr\/about-old\/canadian-drug-policy-coalition-members\/\" \/>\n<meta property=\"og:locale\" content=\"fr_FR\" \/>\n<meta property=\"og:type\" content=\"article\" \/>\n<meta property=\"og:title\" content=\"Membres de la coalition - Canadian Drug Policy Coalition\" \/>\n<meta property=\"og:description\" content=\"Joignez-vous \u00e0 nous et participez \u00e0 notre processus de dialogue et d\u2019action national.\" \/>\n<meta property=\"og:url\" content=\"https:\/\/www.drugpolicy.ca\/fr\/about-old\/canadian-drug-policy-coalition-members\/\" \/>\n<meta property=\"og:site_name\" content=\"Canadian Drug Policy Coalition\" \/>\n<meta property=\"article:modified_time\" content=\"2022-05-25T23:34:44+00:00\" \/>\n<meta property=\"og:image\" content=\"https:\/\/www.drugpolicy.ca\/wp-content\/uploads\/2019\/06\/Capture.jpg\" \/>\n\t<meta property=\"og:image:width\" content=\"1920\" \/>\n\t<meta property=\"og:image:height\" content=\"1131\" \/>\n\t<meta property=\"og:image:type\" content=\"image\/jpeg\" \/>\n<meta name=\"twitter:card\" content=\"summary_large_image\" \/>\n<meta name=\"twitter:label1\" content=\"Dur\u00e9e de lecture estim\u00e9e\" \/>\n\t<meta name=\"twitter:data1\" content=\"2 minutes\" \/>\n<script type=\"application\/ld+json\" class=\"yoast-schema-graph\">{\"@context\":\"https:\\\/\\\/schema.org\",\"@graph\":[{\"@type\":\"WebPage\",\"@id\":\"https:\\\/\\\/www.drugpolicy.ca\\\/fr\\\/about-old\\\/canadian-drug-policy-coalition-members\\\/\",\"url\":\"https:\\\/\\\/www.drugpolicy.ca\\\/fr\\\/about-old\\\/canadian-drug-policy-coalition-members\\\/\",\"name\":\"Membres de la coalition - Canadian Drug Policy Coalition\",\"isPartOf\":{\"@id\":\"https:\\\/\\\/mail.canadiandrugpolicy.ca\\\/#website\"},\"primaryImageOfPage\":{\"@id\":\"https:\\\/\\\/www.drugpolicy.ca\\\/fr\\\/about-old\\\/canadian-drug-policy-coalition-members\\\/#primaryimage\"},\"image\":{\"@id\":\"https:\\\/\\\/www.drugpolicy.ca\\\/fr\\\/about-old\\\/canadian-drug-policy-coalition-members\\\/#primaryimage\"},\"thumbnailUrl\":\"https:\\\/\\\/www.drugpolicy.ca\\\/wp-content\\\/uploads\\\/2019\\\/06\\\/Capture.jpg\",\"datePublished\":\"2019-06-07T17:00:49+00:00\",\"dateModified\":\"2022-05-25T23:34:44+00:00\",\"description\":\"Joignez-vous \u00e0 nous et participez \u00e0 notre processus de dialogue et d\u2019action national.\",\"breadcrumb\":{\"@id\":\"https:\\\/\\\/www.drugpolicy.ca\\\/fr\\\/about-old\\\/canadian-drug-policy-coalition-members\\\/#breadcrumb\"},\"inLanguage\":\"fr-FR\",\"potentialAction\":[{\"@type\":\"ReadAction\",\"target\":[\"https:\\\/\\\/www.drugpolicy.ca\\\/fr\\\/about-old\\\/canadian-drug-policy-coalition-members\\\/\"]}]},{\"@type\":\"ImageObject\",\"inLanguage\":\"fr-FR\",\"@id\":\"https:\\\/\\\/www.drugpolicy.ca\\\/fr\\\/about-old\\\/canadian-drug-policy-coalition-members\\\/#primaryimage\",\"url\":\"https:\\\/\\\/www.drugpolicy.ca\\\/wp-content\\\/uploads\\\/2019\\\/06\\\/Capture.jpg\",\"contentUrl\":\"https:\\\/\\\/www.drugpolicy.ca\\\/wp-content\\\/uploads\\\/2019\\\/06\\\/Capture.jpg\",\"width\":1920,\"height\":1131},{\"@type\":\"BreadcrumbList\",\"@id\":\"https:\\\/\\\/www.drugpolicy.ca\\\/fr\\\/about-old\\\/canadian-drug-policy-coalition-members\\\/#breadcrumb\",\"itemListElement\":[{\"@type\":\"ListItem\",\"position\":1,\"name\":\"Home\",\"item\":\"https:\\\/\\\/www.drugpolicy.ca\\\/fr\\\/\"},{\"@type\":\"ListItem\",\"position\":2,\"name\":\"About\",\"item\":\"https:\\\/\\\/new.drugpolicy.ca\\\/fr\\\/?page_id=2505\"},{\"@type\":\"ListItem\",\"position\":3,\"name\":\"Membres de la coalition\"}]},{\"@type\":\"WebSite\",\"@id\":\"https:\\\/\\\/mail.canadiandrugpolicy.ca\\\/#website\",\"url\":\"https:\\\/\\\/mail.canadiandrugpolicy.ca\\\/\",\"name\":\"Canadian Drug Policy Coalition\",\"description\":\"Change policy. Save lives.\",\"publisher\":{\"@id\":\"https:\\\/\\\/mail.canadiandrugpolicy.ca\\\/#organization\"},\"potentialAction\":[{\"@type\":\"SearchAction\",\"target\":{\"@type\":\"EntryPoint\",\"urlTemplate\":\"https:\\\/\\\/mail.canadiandrugpolicy.ca\\\/?s={search_term_string}\"},\"query-input\":{\"@type\":\"PropertyValueSpecification\",\"valueRequired\":true,\"valueName\":\"search_term_string\"}}],\"inLanguage\":\"fr-FR\"},{\"@type\":\"Organization\",\"@id\":\"https:\\\/\\\/mail.canadiandrugpolicy.ca\\\/#organization\",\"name\":\"Canadian Drug Policy Coalition\",\"url\":\"https:\\\/\\\/mail.canadiandrugpolicy.ca\\\/\",\"logo\":{\"@type\":\"ImageObject\",\"inLanguage\":\"fr-FR\",\"@id\":\"https:\\\/\\\/mail.canadiandrugpolicy.ca\\\/#\\\/schema\\\/logo\\\/image\\\/\",\"url\":\"https:\\\/\\\/drugpolicy.ca\\\/wp-content\\\/uploads\\\/2019\\\/04\\\/CDPC-logo-white-on-red-150-dpi.jpg\",\"contentUrl\":\"https:\\\/\\\/drugpolicy.ca\\\/wp-content\\\/uploads\\\/2019\\\/04\\\/CDPC-logo-white-on-red-150-dpi.jpg\",\"width\":332,\"height\":333,\"caption\":\"Canadian Drug Policy Coalition\"},\"image\":{\"@id\":\"https:\\\/\\\/mail.canadiandrugpolicy.ca\\\/#\\\/schema\\\/logo\\\/image\\\/\"}}]}<\/script>\n<!-- \/ Yoast SEO plugin. -->","yoast_head_json":{"title":"Membres de la coalition - Canadian Drug Policy Coalition","description":"Joignez-vous \u00e0 nous et participez \u00e0 notre processus de dialogue et d\u2019action national.","robots":{"index":"index","follow":"follow","max-snippet":"max-snippet:-1","max-image-preview":"max-image-preview:large","max-video-preview":"max-video-preview:-1"},"canonical":"https:\/\/www.drugpolicy.ca\/fr\/about-old\/canadian-drug-policy-coalition-members\/","og_locale":"fr_FR","og_type":"article","og_title":"Membres de la coalition - Canadian Drug Policy Coalition","og_description":"Joignez-vous \u00e0 nous et participez \u00e0 notre processus de dialogue et d\u2019action national.","og_url":"https:\/\/www.drugpolicy.ca\/fr\/about-old\/canadian-drug-policy-coalition-members\/","og_site_name":"Canadian Drug Policy Coalition","article_modified_time":"2022-05-25T23:34:44+00:00","og_image":[{"width":1920,"height":1131,"url":"https:\/\/www.drugpolicy.ca\/wp-content\/uploads\/2019\/06\/Capture.jpg","type":"image\/jpeg"}],"twitter_card":"summary_large_image","twitter_misc":{"Dur\u00e9e de lecture estim\u00e9e":"2 minutes"},"schema":{"@context":"https:\/\/schema.org","@graph":[{"@type":"WebPage","@id":"https:\/\/www.drugpolicy.ca\/fr\/about-old\/canadian-drug-policy-coalition-members\/","url":"https:\/\/www.drugpolicy.ca\/fr\/about-old\/canadian-drug-policy-coalition-members\/","name":"Membres de la coalition - Canadian Drug Policy Coalition","isPartOf":{"@id":"https:\/\/mail.canadiandrugpolicy.ca\/#website"},"primaryImageOfPage":{"@id":"https:\/\/www.drugpolicy.ca\/fr\/about-old\/canadian-drug-policy-coalition-members\/#primaryimage"},"image":{"@id":"https:\/\/www.drugpolicy.ca\/fr\/about-old\/canadian-drug-policy-coalition-members\/#primaryimage"},"thumbnailUrl":"https:\/\/www.drugpolicy.ca\/wp-content\/uploads\/2019\/06\/Capture.jpg","datePublished":"2019-06-07T17:00:49+00:00","dateModified":"2022-05-25T23:34:44+00:00","description":"Joignez-vous \u00e0 nous et participez \u00e0 notre processus de dialogue et d\u2019action national.","breadcrumb":{"@id":"https:\/\/www.drugpolicy.ca\/fr\/about-old\/canadian-drug-policy-coalition-members\/#breadcrumb"},"inLanguage":"fr-FR","potentialAction":[{"@type":"ReadAction","target":["https:\/\/www.drugpolicy.ca\/fr\/about-old\/canadian-drug-policy-coalition-members\/"]}]},{"@type":"ImageObject","inLanguage":"fr-FR","@id":"https:\/\/www.drugpolicy.ca\/fr\/about-old\/canadian-drug-policy-coalition-members\/#primaryimage","url":"https:\/\/www.drugpolicy.ca\/wp-content\/uploads\/2019\/06\/Capture.jpg","contentUrl":"https:\/\/www.drugpolicy.ca\/wp-content\/uploads\/2019\/06\/Capture.jpg","width":1920,"height":1131},{"@type":"BreadcrumbList","@id":"https:\/\/www.drugpolicy.ca\/fr\/about-old\/canadian-drug-policy-coalition-members\/#breadcrumb","itemListElement":[{"@type":"ListItem","position":1,"name":"Home","item":"https:\/\/www.drugpolicy.ca\/fr\/"},{"@type":"ListItem","position":2,"name":"About","item":"https:\/\/new.drugpolicy.ca\/fr\/?page_id=2505"},{"@type":"ListItem","position":3,"name":"Membres de la coalition"}]},{"@type":"WebSite","@id":"https:\/\/mail.canadiandrugpolicy.ca\/#website","url":"https:\/\/mail.canadiandrugpolicy.ca\/","name":"Canadian Drug Policy Coalition","description":"Change policy. Save lives.","publisher":{"@id":"https:\/\/mail.canadiandrugpolicy.ca\/#organization"},"potentialAction":[{"@type":"SearchAction","target":{"@type":"EntryPoint","urlTemplate":"https:\/\/mail.canadiandrugpolicy.ca\/?s={search_term_string}"},"query-input":{"@type":"PropertyValueSpecification","valueRequired":true,"valueName":"search_term_string"}}],"inLanguage":"fr-FR"},{"@type":"Organization","@id":"https:\/\/mail.canadiandrugpolicy.ca\/#organization","name":"Canadian Drug Policy Coalition","url":"https:\/\/mail.canadiandrugpolicy.ca\/","logo":{"@type":"ImageObject","inLanguage":"fr-FR","@id":"https:\/\/mail.canadiandrugpolicy.ca\/#\/schema\/logo\/image\/","url":"https:\/\/drugpolicy.ca\/wp-content\/uploads\/2019\/04\/CDPC-logo-white-on-red-150-dpi.jpg","contentUrl":"https:\/\/drugpolicy.ca\/wp-content\/uploads\/2019\/04\/CDPC-logo-white-on-red-150-dpi.jpg","width":332,"height":333,"caption":"Canadian Drug Policy Coalition"},"image":{"@id":"https:\/\/mail.canadiandrugpolicy.ca\/#\/schema\/logo\/image\/"}}]}},"mfb_rest_fields":["title","yoast_head","yoast_head_json"],"_links":{"self":[{"href":"https:\/\/www.drugpolicy.ca\/fr\/wp-json\/wp\/v2\/pages\/7856","targetHints":{"allow":["GET"]}}],"collection":[{"href":"https:\/\/www.drugpolicy.ca\/fr\/wp-json\/wp\/v2\/pages"}],"about":[{"href":"https:\/\/www.drugpolicy.ca\/fr\/wp-json\/wp\/v2\/types\/page"}],"author":[{"embeddable":true,"href":"https:\/\/www.drugpolicy.ca\/fr\/wp-json\/wp\/v2\/users\/38"}],"replies":[{"embeddable":true,"href":"https:\/\/www.drugpolicy.ca\/fr\/wp-json\/wp\/v2\/comments?post=7856"}],"version-history":[{"count":20,"href":"https:\/\/www.drugpolicy.ca\/fr\/wp-json\/wp\/v2\/pages\/7856\/revisions"}],"predecessor-version":[{"id":18587,"href":"https:\/\/www.drugpolicy.ca\/fr\/wp-json\/wp\/v2\/pages\/7856\/revisions\/18587"}],"up":[{"embeddable":true,"href":"https:\/\/www.drugpolicy.ca\/fr\/wp-json\/wp\/v2\/pages\/2505"}],"wp:featuredmedia":[{"embeddable":true,"href":"https:\/\/www.drugpolicy.ca\/fr\/wp-json\/wp\/v2\/media\/5474"}],"wp:attachment":[{"href":"https:\/\/www.drugpolicy.ca\/fr\/wp-json\/wp\/v2\/media?parent=7856"}],"curies":[{"name":"wp","href":"https:\/\/api.w.org\/{rel}","templated":true}]}}