{"id":22160,"date":"2026-01-19T13:18:37","date_gmt":"2026-01-19T21:18:37","guid":{"rendered":"https:\/\/drugpolicy.ca\/passez-a-laction\/"},"modified":"2026-03-20T12:54:09","modified_gmt":"2026-03-20T19:54:09","slug":"passez-a-laction","status":"publish","type":"page","link":"https:\/\/www.drugpolicy.ca\/fr\/passez-a-laction\/","title":{"rendered":"Passez \u00e0 l&#8217;action"},"content":{"rendered":"\n<div class=\"wp-block-group alignwide is-layout-flow wp-block-group-is-layout-flow\">\n<div class=\"wp-block-columns is-layout-flex wp-container-core-columns-is-layout-794e3cfa wp-block-columns-is-layout-flex\">\n<div class=\"wp-block-column is-layout-flow wp-block-column-is-layout-flow\" style=\"flex-basis:60%\">\n<p class=\"wp-block-paragraph\">Nous avons besoin de votre soutien pour transformer la politique en mati\u00e8re de drogues et construire des communaut\u00e9s o\u00f9 tout le monde peut s&#8217;\u00e9panouir. Rejoignez les membres des communaut\u00e9s, les chercheurs, les travailleurs de premi\u00e8re ligne, les d\u00e9fenseurs, les prestataires de soins, les familles, les organisations et les d\u00e9cideurs politiques pour construire une nouvelle approche qui remplace les lois nuisibles et inefficaces par des politiques fond\u00e9es sur des preuves et sur les droits de l&#8217;homme.   <\/p>\n<\/div>\n\n\n\n<div class=\"wp-block-column is-layout-flow wp-block-column-is-layout-flow\" style=\"flex-basis:40%\"><\/div>\n<\/div>\n<\/div>\n\n\n<figure style=\"aspect-ratio:21\/9; margin-top:var(--wp--preset--spacing--50);margin-bottom:var(--wp--preset--spacing--60);\" class=\"alignwide wp-block-post-featured-image\"><img loading=\"lazy\" decoding=\"async\" width=\"2560\" height=\"1920\" src=\"https:\/\/www.drugpolicy.ca\/wp-content\/uploads\/2022\/04\/IMG_0820-scaled.jpg\" class=\"attachment-post-thumbnail size-post-thumbnail wp-post-image\" alt=\"Le Drug User Liberation Front (DULF) et la Coalition of Peers Dismantling the Drug War (CPDDW) ont organis\u00e9 une marche et une conf\u00e9rence de presse num\u00e9rique le 14 avril 2022.\" style=\"width:100%;height:100%;object-fit:cover;\" srcset=\"https:\/\/www.drugpolicy.ca\/wp-content\/uploads\/2022\/04\/IMG_0820-scaled.jpg 2560w, https:\/\/www.drugpolicy.ca\/wp-content\/uploads\/2022\/04\/IMG_0820-300x225.jpg 300w, https:\/\/www.drugpolicy.ca\/wp-content\/uploads\/2022\/04\/IMG_0820-1024x768.jpg 1024w, https:\/\/www.drugpolicy.ca\/wp-content\/uploads\/2022\/04\/IMG_0820-768x576.jpg 768w, https:\/\/www.drugpolicy.ca\/wp-content\/uploads\/2022\/04\/IMG_0820-1536x1152.jpg 1536w, https:\/\/www.drugpolicy.ca\/wp-content\/uploads\/2022\/04\/IMG_0820-2048x1536.jpg 2048w\" sizes=\"auto, (max-width: 2560px) 100vw, 2560px\" \/><\/figure>\n\n\n<div class=\"wp-block-group has-global-padding is-layout-constrained wp-block-group-is-layout-constrained\" style=\"margin-top:var(--wp--preset--spacing--50);margin-bottom:var(--wp--preset--spacing--50)\">\n<h2 class=\"wp-block-heading\"><strong>Comment s&#8217;impliquer  <\/strong><\/h2>\n\n\n\n<p class=\"wp-block-paragraph\">Il existe de nombreuses fa\u00e7ons de contribuer :  <\/p>\n\n\n\n<ul class=\"wp-block-list\">\n<li><a href=\"https:\/\/candrugpolicy.donorsupport.co\/-\/XMTGTASJ?_lang=fr-CA\">Faites un don<\/a> &#8211; Vos contributions rendent ce travail possible, qu&#8217;il s&#8217;agisse de tracer des voies politiques, de mobiliser la recherche, de s&#8217;engager dans un plaidoyer cibl\u00e9 ou de proposer une \u00e9ducation publique.<\/li>\n<\/ul>\n\n\n\n<ul class=\"wp-block-list\">\n<li><a href=\"https:\/\/drugpolicy.ca\/fr\/passez-a-laction\/rejoignez-la-coalition\/\">Rejoignez<\/a> &#8211; Connectez-vous \u00e0 un r\u00e9seau national d&#8217;organisations et d&#8217;individus qui travaillent ensemble pour faire avancer une politique \u00e9quitable en mati\u00e8re de drogues.  <\/li>\n<\/ul>\n\n\n\n<ul class=\"wp-block-list\">\n<li><a href=\"https:\/\/drugpolicy.ca\/fr\/passez-a-laction\/subscribe-to-newsletter\/\">S&#8217;abonner<\/a> &#8211; Recevoir des mises \u00e0 jour sur la recherche, les d\u00e9veloppements politiques et les possibilit\u00e9s d&#8217;engagement  <\/li>\n<\/ul>\n\n\n\n<ul class=\"wp-block-list\">\n<li><a href=\"https:\/\/drugpolicy.ca\/fr\/passez-a-laction\/evenements\/\">Participer \u00e0 des \u00e9v\u00e9nements<\/a> &#8211; Participez \u00e0 des webinaires \u00e9ducatifs et \u00e0 des \u00e9v\u00e9nements virtuels qui rassemblent des dirigeants, des partenaires et des experts afin d&#8217;explorer des solutions fond\u00e9es sur des donn\u00e9es probantes et des questions politiques \u00e9mergentes.  <\/li>\n<\/ul>\n\n\n\n<p class=\"wp-block-paragraph\">Votre soutien stimule la recherche, \u00e9claire les politiques et contribue \u00e0 prot\u00e9ger la sant\u00e9 et les droits de l&#8217;homme dans tout le Canada.  <\/p>\n\n\n\n<p class=\"wp-block-paragraph\">Visitez nos pages <a href=\"https:\/\/give.sfu.ca\/where-to-give\/funds\/health-sciences\/canadian-drug-policy-coalition.html\">Don<\/a>, <a href=\"https:\/\/drugpolicy.ca\/fr\/passez-a-laction\/rejoignez-la-coalition\/\">Adh\u00e9sion<\/a>, <a href=\"https:\/\/drugpolicy.ca\/fr\/passez-a-laction\/subscribe-to-newsletter\/\">Bulletin d&#8217;information<\/a> ou <a href=\"https:\/\/drugpolicy.ca\/fr\/passez-a-laction\/evenements\/\">\u00c9v\u00e9nements<\/a> pour participer \u00e0 l&#8217;avancement de la politique en mati\u00e8re de drogues au Canada.  <\/p>\n<\/div>\n\n\n\n<div class=\"wp-block-group alignfull is-style-section-5 has-global-padding is-layout-constrained wp-block-group-is-layout-constrained is-style-section-5--1\" style=\"margin-top:0;margin-bottom:0;padding-top:var(--wp--preset--spacing--50);padding-bottom:var(--wp--preset--spacing--50)\">\n<div class=\"wp-block-columns alignwide is-layout-flex wp-container-core-columns-is-layout-89463222 wp-block-columns-is-layout-flex\">\n<div class=\"wp-block-column is-vertically-aligned-center is-layout-flow wp-container-core-column-is-layout-035d4dad wp-block-column-is-layout-flow\" style=\"flex-basis:50%\">\n<h2 class=\"wp-block-heading\">Faire un don<\/h2>\n\n\n\n<p class=\"wp-block-paragraph\">Vos contributions rendent ce travail possible, qu&#8217;il s&#8217;agisse de tracer des voies politiques ou de faire progresser la recherche, la d\u00e9fense des int\u00e9r\u00eats et l&#8217;\u00e9ducation du public.<\/p>\n\n\n\n<div class=\"wp-block-buttons is-layout-flex wp-block-buttons-is-layout-flex\">\n<div class=\"wp-block-button is-style-fill-lg is-style-fill-lg--2\"><a class=\"wp-block-button__link wp-element-button\" href=\"https:\/\/candrugpolicy.donorsupport.co\/-\/XMTGTASJ?_lang=fr-CA\">Faire un don<\/a><\/div>\n<\/div>\n<\/div>\n\n\n\n<div class=\"wp-block-column is-layout-flow wp-block-column-is-layout-flow\" style=\"flex-basis:50%\">\n<figure class=\"wp-block-image size-full\"><a href=\"https:\/\/candrugpolicy.donorsupport.co\/-\/XMTGTASJ?_lang=fr-CA\"><img loading=\"lazy\" decoding=\"async\" width=\"1080\" height=\"1080\" src=\"https:\/\/drugpolicy.ca\/wp-content\/uploads\/2025\/10\/24.png\" alt=\"\" class=\"wp-image-21358\" style=\"aspect-ratio:1;object-fit:cover\" srcset=\"https:\/\/www.drugpolicy.ca\/wp-content\/uploads\/2025\/10\/24.png 1080w, https:\/\/www.drugpolicy.ca\/wp-content\/uploads\/2025\/10\/24-300x300.png 300w, https:\/\/www.drugpolicy.ca\/wp-content\/uploads\/2025\/10\/24-1024x1024.png 1024w, https:\/\/www.drugpolicy.ca\/wp-content\/uploads\/2025\/10\/24-150x150.png 150w, https:\/\/www.drugpolicy.ca\/wp-content\/uploads\/2025\/10\/24-768x768.png 768w\" sizes=\"auto, (max-width: 1080px) 100vw, 1080px\" \/><\/a><\/figure>\n<\/div>\n<\/div>\n<\/div>\n\n\n\n<div class=\"wp-block-group alignfull is-style-default has-global-padding is-layout-constrained wp-block-group-is-layout-constrained\" style=\"margin-top:0;margin-bottom:0;padding-top:var(--wp--preset--spacing--50);padding-bottom:var(--wp--preset--spacing--50)\">\n<div class=\"wp-block-columns alignwide is-layout-flex wp-container-core-columns-is-layout-89463222 wp-block-columns-is-layout-flex\">\n<div class=\"wp-block-column is-layout-flow wp-block-column-is-layout-flow\" style=\"flex-basis:50%\">\n<figure class=\"wp-block-image size-full\"><a href=\"https:\/\/drugpolicy.ca\/fr\/passez-a-laction\/rejoignez-la-coalition\/\"><img loading=\"lazy\" decoding=\"async\" width=\"2560\" height=\"1920\" src=\"https:\/\/drugpolicy.ca\/wp-content\/uploads\/2022\/04\/IMG_1298-scaled.jpg\" alt=\"\" class=\"wp-image-18454\" style=\"aspect-ratio:1;object-fit:cover\" srcset=\"https:\/\/www.drugpolicy.ca\/wp-content\/uploads\/2022\/04\/IMG_1298-scaled.jpg 2560w, https:\/\/www.drugpolicy.ca\/wp-content\/uploads\/2022\/04\/IMG_1298-300x225.jpg 300w, https:\/\/www.drugpolicy.ca\/wp-content\/uploads\/2022\/04\/IMG_1298-1024x768.jpg 1024w, https:\/\/www.drugpolicy.ca\/wp-content\/uploads\/2022\/04\/IMG_1298-768x576.jpg 768w, https:\/\/www.drugpolicy.ca\/wp-content\/uploads\/2022\/04\/IMG_1298-1536x1152.jpg 1536w, https:\/\/www.drugpolicy.ca\/wp-content\/uploads\/2022\/04\/IMG_1298-2048x1536.jpg 2048w\" sizes=\"auto, (max-width: 2560px) 100vw, 2560px\" \/><\/a><\/figure>\n<\/div>\n\n\n\n<div class=\"wp-block-column is-vertically-aligned-center is-layout-flow wp-container-core-column-is-layout-035d4dad wp-block-column-is-layout-flow\" style=\"flex-basis:50%\">\n<h2 class=\"wp-block-heading\">Rejoignez la coalition<\/h2>\n\n\n\n<p class=\"wp-block-paragraph\">Entrez en contact avec un r\u00e9seau national d&#8217;organisations et d&#8217;individus qui travaillent ensemble pour faire avancer une politique \u00e9quitable en mati\u00e8re de drogues.<\/p>\n\n\n\n<div class=\"wp-block-buttons is-layout-flex wp-block-buttons-is-layout-flex\">\n<div class=\"wp-block-button is-style-fill-lg is-style-fill-lg--3\"><a class=\"wp-block-button__link wp-element-button\" href=\"https:\/\/drugpolicy.ca\/fr\/passez-a-laction\/rejoignez-la-coalition\/\">Rejoignez-nous<\/a><\/div>\n<\/div>\n<\/div>\n<\/div>\n<\/div>\n\n\n\n<div class=\"wp-block-group alignfull is-style-section-5 has-global-padding is-layout-constrained wp-block-group-is-layout-constrained is-style-section-5--4\" style=\"margin-top:0;margin-bottom:0;padding-top:var(--wp--preset--spacing--50);padding-bottom:var(--wp--preset--spacing--50)\">\n<div class=\"wp-block-columns alignwide is-layout-flex wp-container-core-columns-is-layout-89463222 wp-block-columns-is-layout-flex\">\n<div class=\"wp-block-column is-vertically-aligned-center is-layout-flow wp-container-core-column-is-layout-035d4dad wp-block-column-is-layout-flow\" style=\"flex-basis:50%\">\n<h2 class=\"wp-block-heading\">S&#8217;abonner \u00e0 notre lettre d&#8217;information<\/h2>\n\n\n\n<p class=\"wp-block-paragraph\">Recevez des informations sur les recherches, les d\u00e9veloppements politiques, les \u00e9v\u00e9nements et les possibilit\u00e9s de participer \u00e0 ces travaux.<\/p>\n\n\n\n<div class=\"wp-block-buttons is-layout-flex wp-block-buttons-is-layout-flex\">\n<div class=\"wp-block-button is-style-fill-lg is-style-fill-lg--5\"><a class=\"wp-block-button__link wp-element-button\" href=\"https:\/\/drugpolicy.ca\/fr\/passez-a-laction\/subscribe-to-newsletter\/\">S&#8217;abonner<\/a><\/div>\n<\/div>\n<\/div>\n\n\n\n<div class=\"wp-block-column is-layout-flow wp-block-column-is-layout-flow\" style=\"flex-basis:50%\">\n<figure class=\"wp-block-image size-full\"><a href=\"https:\/\/drugpolicy.ca\/fr\/passez-a-laction\/subscribe-to-newsletter\/\"><img loading=\"lazy\" decoding=\"async\" width=\"1080\" height=\"1080\" src=\"https:\/\/drugpolicy.ca\/wp-content\/uploads\/2025\/10\/25.png\" alt=\"\" class=\"wp-image-21359\" style=\"aspect-ratio:1;object-fit:cover\" srcset=\"https:\/\/www.drugpolicy.ca\/wp-content\/uploads\/2025\/10\/25.png 1080w, https:\/\/www.drugpolicy.ca\/wp-content\/uploads\/2025\/10\/25-300x300.png 300w, https:\/\/www.drugpolicy.ca\/wp-content\/uploads\/2025\/10\/25-1024x1024.png 1024w, https:\/\/www.drugpolicy.ca\/wp-content\/uploads\/2025\/10\/25-150x150.png 150w, https:\/\/www.drugpolicy.ca\/wp-content\/uploads\/2025\/10\/25-768x768.png 768w\" sizes=\"auto, (max-width: 1080px) 100vw, 1080px\" \/><\/a><\/figure>\n<\/div>\n<\/div>\n<\/div>\n\n\n\n<div class=\"wp-block-group alignfull is-style-default has-global-padding is-layout-constrained wp-block-group-is-layout-constrained\" style=\"margin-top:0;margin-bottom:0;padding-top:var(--wp--preset--spacing--50);padding-bottom:var(--wp--preset--spacing--50)\">\n<div class=\"wp-block-columns alignwide is-layout-flex wp-container-core-columns-is-layout-89463222 wp-block-columns-is-layout-flex\">\n<div class=\"wp-block-column is-layout-flow wp-block-column-is-layout-flow\" style=\"flex-basis:50%\">\n<figure class=\"wp-block-image size-full\"><a href=\"https:\/\/drugpolicy.ca\/fr\/passez-a-laction\/evenements\/\"><img loading=\"lazy\" decoding=\"async\" width=\"1080\" height=\"1080\" src=\"https:\/\/drugpolicy.ca\/wp-content\/uploads\/2025\/11\/Website-Tiles-5.png\" alt=\"\" class=\"wp-image-21680\" style=\"aspect-ratio:1;object-fit:cover\" srcset=\"https:\/\/www.drugpolicy.ca\/wp-content\/uploads\/2025\/11\/Website-Tiles-5.png 1080w, https:\/\/www.drugpolicy.ca\/wp-content\/uploads\/2025\/11\/Website-Tiles-5-300x300.png 300w, https:\/\/www.drugpolicy.ca\/wp-content\/uploads\/2025\/11\/Website-Tiles-5-1024x1024.png 1024w, https:\/\/www.drugpolicy.ca\/wp-content\/uploads\/2025\/11\/Website-Tiles-5-150x150.png 150w, https:\/\/www.drugpolicy.ca\/wp-content\/uploads\/2025\/11\/Website-Tiles-5-768x768.png 768w\" sizes=\"auto, (max-width: 1080px) 100vw, 1080px\" \/><\/a><\/figure>\n<\/div>\n\n\n\n<div class=\"wp-block-column is-vertically-aligned-center is-layout-flow wp-container-core-column-is-layout-035d4dad wp-block-column-is-layout-flow\" style=\"flex-basis:50%\">\n<h2 class=\"wp-block-heading\">Assister \u00e0 des \u00e9v\u00e9nements<\/h2>\n\n\n\n<p class=\"wp-block-paragraph\">D\u00e9couvrez les webinaires et les \u00e9v\u00e9nements virtuels au cours desquels des dirigeants, des partenaires et des experts de tous les mouvements discutent de solutions fond\u00e9es sur des donn\u00e9es probantes et de d\u00e9fis politiques \u00e9mergents.<\/p>\n\n\n\n<div class=\"wp-block-buttons is-layout-flex wp-block-buttons-is-layout-flex\">\n<div class=\"wp-block-button is-style-fill-lg is-style-fill-lg--6\"><a class=\"wp-block-button__link wp-element-button\" href=\"https:\/\/drugpolicy.ca\/fr\/passez-a-laction\/evenements\/\">En savoir plus<\/a><\/div>\n<\/div>\n<\/div>\n<\/div>\n<\/div>\n","protected":false},"excerpt":{"rendered":"<p>Nous avons besoin de votre soutien pour transformer la politique en mati\u00e8re de drogues et construire des communaut\u00e9s o\u00f9 tout le monde peut s&#8217;\u00e9panouir. Rejoignez les membres des communaut\u00e9s, les chercheurs, les travailleurs de premi\u00e8re ligne, les d\u00e9fenseurs, les prestataires de soins, les familles, les organisations et les d\u00e9cideurs politiques pour construire une nouvelle approche [&hellip;]<\/p>\n","protected":false},"author":53,"featured_media":18404,"parent":0,"menu_order":0,"comment_status":"closed","ping_status":"closed","template":"","meta":{"_acf_changed":false,"_crdt_document":"","footnotes":""},"class_list":["post-22160","page","type-page","status-publish","has-post-thumbnail","hentry"],"acf":[],"mb":[],"yoast_head":"<!-- This site is optimized with the Yoast SEO plugin v27.3 - https:\/\/yoast.com\/product\/yoast-seo-wordpress\/ -->\n<title>Passez \u00e0 l&#039;action - Canadian Drug Policy Coalition<\/title>\n<meta name=\"robots\" content=\"index, follow, max-snippet:-1, max-image-preview:large, max-video-preview:-1\" \/>\n<link rel=\"canonical\" href=\"https:\/\/www.drugpolicy.ca\/fr\/passez-a-laction\/\" \/>\n<meta property=\"og:locale\" content=\"fr_FR\" \/>\n<meta property=\"og:type\" content=\"article\" \/>\n<meta property=\"og:title\" content=\"Passez \u00e0 l&#039;action - Canadian Drug Policy Coalition\" \/>\n<meta property=\"og:description\" content=\"Nous avons besoin de votre soutien pour transformer la politique en mati\u00e8re de drogues et construire des communaut\u00e9s o\u00f9 tout le monde peut s&#8217;\u00e9panouir. Rejoignez les membres des communaut\u00e9s, les chercheurs, les travailleurs de premi\u00e8re ligne, les d\u00e9fenseurs, les prestataires de soins, les familles, les organisations et les d\u00e9cideurs politiques pour construire une nouvelle approche [&hellip;]\" \/>\n<meta property=\"og:url\" content=\"https:\/\/www.drugpolicy.ca\/fr\/passez-a-laction\/\" \/>\n<meta property=\"og:site_name\" content=\"Canadian Drug Policy Coalition\" \/>\n<meta property=\"article:modified_time\" content=\"2026-03-20T19:54:09+00:00\" \/>\n<meta property=\"og:image\" content=\"https:\/\/mail.canadiandrugpolicy.ca\/wp-content\/uploads\/2022\/04\/IMG_0820-scaled.jpg\" \/>\n\t<meta property=\"og:image:width\" content=\"2560\" \/>\n\t<meta property=\"og:image:height\" content=\"1920\" \/>\n\t<meta property=\"og:image:type\" content=\"image\/jpeg\" \/>\n<meta name=\"twitter:card\" content=\"summary_large_image\" \/>\n<meta name=\"twitter:label1\" content=\"Dur\u00e9e de lecture estim\u00e9e\" \/>\n\t<meta name=\"twitter:data1\" content=\"3 minutes\" \/>\n<script type=\"application\/ld+json\" class=\"yoast-schema-graph\">{\"@context\":\"https:\\\/\\\/schema.org\",\"@graph\":[{\"@type\":\"WebPage\",\"@id\":\"https:\\\/\\\/www.drugpolicy.ca\\\/fr\\\/passez-a-laction\\\/\",\"url\":\"https:\\\/\\\/www.drugpolicy.ca\\\/fr\\\/passez-a-laction\\\/\",\"name\":\"Passez \u00e0 l'action - Canadian Drug Policy Coalition\",\"isPartOf\":{\"@id\":\"https:\\\/\\\/mail.canadiandrugpolicy.ca\\\/#website\"},\"primaryImageOfPage\":{\"@id\":\"https:\\\/\\\/www.drugpolicy.ca\\\/fr\\\/passez-a-laction\\\/#primaryimage\"},\"image\":{\"@id\":\"https:\\\/\\\/www.drugpolicy.ca\\\/fr\\\/passez-a-laction\\\/#primaryimage\"},\"thumbnailUrl\":\"https:\\\/\\\/www.drugpolicy.ca\\\/wp-content\\\/uploads\\\/2022\\\/04\\\/IMG_0820-scaled.jpg\",\"datePublished\":\"2026-01-19T21:18:37+00:00\",\"dateModified\":\"2026-03-20T19:54:09+00:00\",\"breadcrumb\":{\"@id\":\"https:\\\/\\\/www.drugpolicy.ca\\\/fr\\\/passez-a-laction\\\/#breadcrumb\"},\"inLanguage\":\"fr-FR\",\"potentialAction\":[{\"@type\":\"ReadAction\",\"target\":[\"https:\\\/\\\/www.drugpolicy.ca\\\/fr\\\/passez-a-laction\\\/\"]}]},{\"@type\":\"ImageObject\",\"inLanguage\":\"fr-FR\",\"@id\":\"https:\\\/\\\/www.drugpolicy.ca\\\/fr\\\/passez-a-laction\\\/#primaryimage\",\"url\":\"https:\\\/\\\/www.drugpolicy.ca\\\/wp-content\\\/uploads\\\/2022\\\/04\\\/IMG_0820-scaled.jpg\",\"contentUrl\":\"https:\\\/\\\/www.drugpolicy.ca\\\/wp-content\\\/uploads\\\/2022\\\/04\\\/IMG_0820-scaled.jpg\",\"width\":2560,\"height\":1920,\"caption\":\"Drug User Liberation Front (DULF) et Coalition of Peers Dismantling the Drug War (CPDDW) Safe Supply Rally (Rassemblement pour un approvisionnement s\u00fbr)\"},{\"@type\":\"BreadcrumbList\",\"@id\":\"https:\\\/\\\/www.drugpolicy.ca\\\/fr\\\/passez-a-laction\\\/#breadcrumb\",\"itemListElement\":[{\"@type\":\"ListItem\",\"position\":1,\"name\":\"Home\",\"item\":\"https:\\\/\\\/www.drugpolicy.ca\\\/fr\\\/\"},{\"@type\":\"ListItem\",\"position\":2,\"name\":\"Passez \u00e0 l&#8217;action\"}]},{\"@type\":\"WebSite\",\"@id\":\"https:\\\/\\\/mail.canadiandrugpolicy.ca\\\/#website\",\"url\":\"https:\\\/\\\/mail.canadiandrugpolicy.ca\\\/\",\"name\":\"Canadian Drug Policy Coalition\",\"description\":\"Change policy. Save lives.\",\"publisher\":{\"@id\":\"https:\\\/\\\/mail.canadiandrugpolicy.ca\\\/#organization\"},\"potentialAction\":[{\"@type\":\"SearchAction\",\"target\":{\"@type\":\"EntryPoint\",\"urlTemplate\":\"https:\\\/\\\/mail.canadiandrugpolicy.ca\\\/?s={search_term_string}\"},\"query-input\":{\"@type\":\"PropertyValueSpecification\",\"valueRequired\":true,\"valueName\":\"search_term_string\"}}],\"inLanguage\":\"fr-FR\"},{\"@type\":\"Organization\",\"@id\":\"https:\\\/\\\/mail.canadiandrugpolicy.ca\\\/#organization\",\"name\":\"Canadian Drug Policy Coalition\",\"url\":\"https:\\\/\\\/mail.canadiandrugpolicy.ca\\\/\",\"logo\":{\"@type\":\"ImageObject\",\"inLanguage\":\"fr-FR\",\"@id\":\"https:\\\/\\\/mail.canadiandrugpolicy.ca\\\/#\\\/schema\\\/logo\\\/image\\\/\",\"url\":\"https:\\\/\\\/drugpolicy.ca\\\/wp-content\\\/uploads\\\/2019\\\/04\\\/CDPC-logo-white-on-red-150-dpi.jpg\",\"contentUrl\":\"https:\\\/\\\/drugpolicy.ca\\\/wp-content\\\/uploads\\\/2019\\\/04\\\/CDPC-logo-white-on-red-150-dpi.jpg\",\"width\":332,\"height\":333,\"caption\":\"Canadian Drug Policy Coalition\"},\"image\":{\"@id\":\"https:\\\/\\\/mail.canadiandrugpolicy.ca\\\/#\\\/schema\\\/logo\\\/image\\\/\"}}]}<\/script>\n<!-- \/ Yoast SEO plugin. -->","yoast_head_json":{"title":"Passez \u00e0 l'action - Canadian Drug Policy Coalition","robots":{"index":"index","follow":"follow","max-snippet":"max-snippet:-1","max-image-preview":"max-image-preview:large","max-video-preview":"max-video-preview:-1"},"canonical":"https:\/\/www.drugpolicy.ca\/fr\/passez-a-laction\/","og_locale":"fr_FR","og_type":"article","og_title":"Passez \u00e0 l'action - Canadian Drug Policy Coalition","og_description":"Nous avons besoin de votre soutien pour transformer la politique en mati\u00e8re de drogues et construire des communaut\u00e9s o\u00f9 tout le monde peut s&#8217;\u00e9panouir. Rejoignez les membres des communaut\u00e9s, les chercheurs, les travailleurs de premi\u00e8re ligne, les d\u00e9fenseurs, les prestataires de soins, les familles, les organisations et les d\u00e9cideurs politiques pour construire une nouvelle approche [&hellip;]","og_url":"https:\/\/www.drugpolicy.ca\/fr\/passez-a-laction\/","og_site_name":"Canadian Drug Policy Coalition","article_modified_time":"2026-03-20T19:54:09+00:00","og_image":[{"width":2560,"height":1920,"url":"https:\/\/mail.canadiandrugpolicy.ca\/wp-content\/uploads\/2022\/04\/IMG_0820-scaled.jpg","type":"image\/jpeg"}],"twitter_card":"summary_large_image","twitter_misc":{"Dur\u00e9e de lecture estim\u00e9e":"3 minutes"},"schema":{"@context":"https:\/\/schema.org","@graph":[{"@type":"WebPage","@id":"https:\/\/www.drugpolicy.ca\/fr\/passez-a-laction\/","url":"https:\/\/www.drugpolicy.ca\/fr\/passez-a-laction\/","name":"Passez \u00e0 l'action - Canadian Drug Policy Coalition","isPartOf":{"@id":"https:\/\/mail.canadiandrugpolicy.ca\/#website"},"primaryImageOfPage":{"@id":"https:\/\/www.drugpolicy.ca\/fr\/passez-a-laction\/#primaryimage"},"image":{"@id":"https:\/\/www.drugpolicy.ca\/fr\/passez-a-laction\/#primaryimage"},"thumbnailUrl":"https:\/\/www.drugpolicy.ca\/wp-content\/uploads\/2022\/04\/IMG_0820-scaled.jpg","datePublished":"2026-01-19T21:18:37+00:00","dateModified":"2026-03-20T19:54:09+00:00","breadcrumb":{"@id":"https:\/\/www.drugpolicy.ca\/fr\/passez-a-laction\/#breadcrumb"},"inLanguage":"fr-FR","potentialAction":[{"@type":"ReadAction","target":["https:\/\/www.drugpolicy.ca\/fr\/passez-a-laction\/"]}]},{"@type":"ImageObject","inLanguage":"fr-FR","@id":"https:\/\/www.drugpolicy.ca\/fr\/passez-a-laction\/#primaryimage","url":"https:\/\/www.drugpolicy.ca\/wp-content\/uploads\/2022\/04\/IMG_0820-scaled.jpg","contentUrl":"https:\/\/www.drugpolicy.ca\/wp-content\/uploads\/2022\/04\/IMG_0820-scaled.jpg","width":2560,"height":1920,"caption":"Drug User Liberation Front (DULF) et Coalition of Peers Dismantling the Drug War (CPDDW) Safe Supply Rally (Rassemblement pour un approvisionnement s\u00fbr)"},{"@type":"BreadcrumbList","@id":"https:\/\/www.drugpolicy.ca\/fr\/passez-a-laction\/#breadcrumb","itemListElement":[{"@type":"ListItem","position":1,"name":"Home","item":"https:\/\/www.drugpolicy.ca\/fr\/"},{"@type":"ListItem","position":2,"name":"Passez \u00e0 l&#8217;action"}]},{"@type":"WebSite","@id":"https:\/\/mail.canadiandrugpolicy.ca\/#website","url":"https:\/\/mail.canadiandrugpolicy.ca\/","name":"Canadian Drug Policy Coalition","description":"Change policy. Save lives.","publisher":{"@id":"https:\/\/mail.canadiandrugpolicy.ca\/#organization"},"potentialAction":[{"@type":"SearchAction","target":{"@type":"EntryPoint","urlTemplate":"https:\/\/mail.canadiandrugpolicy.ca\/?s={search_term_string}"},"query-input":{"@type":"PropertyValueSpecification","valueRequired":true,"valueName":"search_term_string"}}],"inLanguage":"fr-FR"},{"@type":"Organization","@id":"https:\/\/mail.canadiandrugpolicy.ca\/#organization","name":"Canadian Drug Policy Coalition","url":"https:\/\/mail.canadiandrugpolicy.ca\/","logo":{"@type":"ImageObject","inLanguage":"fr-FR","@id":"https:\/\/mail.canadiandrugpolicy.ca\/#\/schema\/logo\/image\/","url":"https:\/\/drugpolicy.ca\/wp-content\/uploads\/2019\/04\/CDPC-logo-white-on-red-150-dpi.jpg","contentUrl":"https:\/\/drugpolicy.ca\/wp-content\/uploads\/2019\/04\/CDPC-logo-white-on-red-150-dpi.jpg","width":332,"height":333,"caption":"Canadian Drug Policy Coalition"},"image":{"@id":"https:\/\/mail.canadiandrugpolicy.ca\/#\/schema\/logo\/image\/"}}]}},"mfb_rest_fields":["title","yoast_head","yoast_head_json"],"_links":{"self":[{"href":"https:\/\/www.drugpolicy.ca\/fr\/wp-json\/wp\/v2\/pages\/22160","targetHints":{"allow":["GET"]}}],"collection":[{"href":"https:\/\/www.drugpolicy.ca\/fr\/wp-json\/wp\/v2\/pages"}],"about":[{"href":"https:\/\/www.drugpolicy.ca\/fr\/wp-json\/wp\/v2\/types\/page"}],"author":[{"embeddable":true,"href":"https:\/\/www.drugpolicy.ca\/fr\/wp-json\/wp\/v2\/users\/53"}],"replies":[{"embeddable":true,"href":"https:\/\/www.drugpolicy.ca\/fr\/wp-json\/wp\/v2\/comments?post=22160"}],"version-history":[{"count":2,"href":"https:\/\/www.drugpolicy.ca\/fr\/wp-json\/wp\/v2\/pages\/22160\/revisions"}],"predecessor-version":[{"id":22503,"href":"https:\/\/www.drugpolicy.ca\/fr\/wp-json\/wp\/v2\/pages\/22160\/revisions\/22503"}],"wp:featuredmedia":[{"embeddable":true,"href":"https:\/\/www.drugpolicy.ca\/fr\/wp-json\/wp\/v2\/media\/18404"}],"wp:attachment":[{"href":"https:\/\/www.drugpolicy.ca\/fr\/wp-json\/wp\/v2\/media?parent=22160"}],"curies":[{"name":"wp","href":"https:\/\/api.w.org\/{rel}","templated":true}]}}