{"id":22155,"date":"2026-01-19T13:16:48","date_gmt":"2026-01-19T21:16:48","guid":{"rendered":"https:\/\/drugpolicy.ca\/rejoignez-la-coalition\/"},"modified":"2026-03-20T12:55:37","modified_gmt":"2026-03-20T19:55:37","slug":"rejoignez-la-coalition","status":"publish","type":"page","link":"https:\/\/www.drugpolicy.ca\/fr\/passez-a-laction\/rejoignez-la-coalition\/","title":{"rendered":"Rejoignez la coalition"},"content":{"rendered":"\n<div class=\"wp-block-group alignwide is-layout-flow wp-block-group-is-layout-flow\">\n<div class=\"wp-block-columns is-layout-flex wp-container-core-columns-is-layout-794e3cfa wp-block-columns-is-layout-flex\">\n<div class=\"wp-block-column is-layout-flow wp-block-column-is-layout-flow\" style=\"flex-basis:60%\">\n<p class=\"wp-block-paragraph\">La Coalition canadienne des politique sur les drogues est une organisation politique nationale qui travaille en partenariat avec des organisations et des individus dans des communaut\u00e9s \u00e0 travers tout le Canada. <\/p>\n<\/div>\n\n\n\n<div class=\"wp-block-column is-layout-flow wp-block-column-is-layout-flow\" style=\"flex-basis:40%\"><\/div>\n<\/div>\n<\/div>\n\n\n<figure style=\"aspect-ratio:21\/9; margin-top:var(--wp--preset--spacing--50);margin-bottom:var(--wp--preset--spacing--60);\" class=\"alignwide wp-block-post-featured-image\"><img loading=\"lazy\" decoding=\"async\" width=\"2548\" height=\"1098\" src=\"https:\/\/www.drugpolicy.ca\/wp-content\/uploads\/2025\/08\/human-chain.png\" class=\"attachment-post-thumbnail size-post-thumbnail wp-post-image\" alt=\"cha\u00eene humaine\" style=\"width:100%;height:100%;object-fit:cover;\" srcset=\"https:\/\/www.drugpolicy.ca\/wp-content\/uploads\/2025\/08\/human-chain.png 2548w, https:\/\/www.drugpolicy.ca\/wp-content\/uploads\/2025\/08\/human-chain-300x129.png 300w, https:\/\/www.drugpolicy.ca\/wp-content\/uploads\/2025\/08\/human-chain-1024x441.png 1024w, https:\/\/www.drugpolicy.ca\/wp-content\/uploads\/2025\/08\/human-chain-768x331.png 768w, https:\/\/www.drugpolicy.ca\/wp-content\/uploads\/2025\/08\/human-chain-1536x662.png 1536w, https:\/\/www.drugpolicy.ca\/wp-content\/uploads\/2025\/08\/human-chain-2048x883.png 2048w\" sizes=\"auto, (max-width: 2548px) 100vw, 2548px\" \/><\/figure>\n\n\n<div class=\"wp-block-group has-global-padding is-layout-constrained wp-block-group-is-layout-constrained\" style=\"margin-top:var(--wp--preset--spacing--50);margin-bottom:var(--wp--preset--spacing--50);padding-bottom:var(--wp--preset--spacing--70)\">\n<h2 class=\"wp-block-heading\">Participez au mouvement<\/h2>\n\n\n\n<p class=\"wp-block-paragraph\">Rejoindre la coalition, c&#8217;est rejoindre un r\u00e9seau croissant d&#8217;individus et d&#8217;organisations engag\u00e9s en faveur d&#8217;une politique des drogues fond\u00e9e sur des donn\u00e9es probantes et centr\u00e9e sur l&#8217;\u00eatre humain. Ensemble, nous plaidons pour un changement significatif ancr\u00e9 dans la sant\u00e9, les droits de l&#8217;homme et la justice sociale. <\/p>\n\n\n\n<h2 class=\"wp-block-heading\">Faites-vous entendre<\/h2>\n\n\n\n<p class=\"wp-block-paragraph\">En tant que membre, vous aurez la possibilit\u00e9 de vous engager dans des efforts de plaidoyer collectif, qu&#8217;il s&#8217;agisse de cosigner des lettres ouvertes, de participer \u00e0 des campagnes ou de partager votre expertise afin d&#8217;\u00e9clairer les recommandations politiques. Votre voix contribue \u00e0 fa\u00e7onner la conversation. <\/p>\n\n\n\n<h2 class=\"wp-block-heading\">Acc\u00e9der et collaborer<\/h2>\n\n\n\n<p class=\"wp-block-paragraph\">Les membres ont acc\u00e8s \u00e0 des ressources exclusives, \u00e0 des mises \u00e0 jour politiques et \u00e0 des bo\u00eetes \u00e0 outils con\u00e7ues pour soutenir votre travail et renforcer votre impact. Vous aurez \u00e9galement l&#8217;occasion de vous connecter et de collaborer avec d&#8217;autres personnes travaillant \u00e0 la r\u00e9alisation d&#8217;objectifs communs. <\/p>\n<\/div>\n\n\n\n<hr class=\"wp-block-separator has-text-color has-accent-1-color has-alpha-channel-opacity has-accent-1-background-color has-background\"\/>\n\n\n\n<div class=\"wp-block-group has-global-padding is-layout-constrained wp-block-group-is-layout-constrained\" style=\"padding-top:var(--wp--preset--spacing--60);padding-bottom:var(--wp--preset--spacing--70)\">\n<p class=\"wp-block-paragraph\">Nous sommes en train de d\u00e9velopper une nouvelle proc\u00e9dure d&#8217;adh\u00e9sion au CCPD. Dans l&#8217;intervalle, veuillez remplir ce court formulaire et nous vous contacterons lorsque nous serons pr\u00eats \u00e0 accueillir de nouveaux membres. Nous vous remercions de votre int\u00e9r\u00eat !  <\/p>\n\n\n\n<!-- form.123formbuilder.com script begins here -->\n<script type=\"text\/javascript\" defer=\"defer\" src=\"https:\/\/form.123formbuilder.com\/embed\/6897261.js\" data-role=\"form\"><\/script>\n<!-- form.123formbuilder.com script ends here -->\n<\/div>\n\n\n\n<div class=\"wp-block-group alignfull is-style-section-5 has-global-padding is-layout-constrained wp-container-core-group-is-layout-de917e1e wp-block-group-is-layout-constrained is-style-section-5--1\" style=\"min-height:0vh;margin-top:0;margin-bottom:0;padding-top:var(--wp--preset--spacing--70);padding-right:var(--wp--preset--spacing--40);padding-bottom:var(--wp--preset--spacing--70);padding-left:var(--wp--preset--spacing--40)\">\n<div class=\"wp-block-group has-global-padding is-layout-constrained wp-container-core-group-is-layout-eb970f9a wp-block-group-is-layout-constrained\">\n<h2 class=\"wp-block-heading has-text-align-center has-xx-large-font-size\" style=\"margin-right:0;margin-left:0;padding-right:0;padding-left:0\">Soutenez notre travail<\/h2>\n\n\n\n<p class=\"has-text-align-center wp-block-paragraph\">Rejoignez le CCPD pour construire un avenir o\u00f9 la politique en mati\u00e8re de drogues est fond\u00e9e sur des preuves, la compassion et les droits de l&#8217;homme.<\/p>\n\n\n\n<div class=\"wp-block-buttons is-content-justification-center is-layout-flex wp-container-core-buttons-is-layout-35f06ea7 wp-block-buttons-is-layout-flex\">\n<div class=\"wp-block-button\"><a class=\"wp-block-button__link wp-element-button\" href=\"https:\/\/candrugpolicy.donorsupport.co\/-\/XMTGTASJ?_lang=fr-CA\">Faire un don<\/a><\/div>\n<\/div>\n<\/div>\n<\/div>\n","protected":false},"excerpt":{"rendered":"<p>La Coalition canadienne des politique sur les drogues est une organisation politique nationale qui travaille en partenariat avec des organisations et des individus dans des communaut\u00e9s \u00e0 travers tout le Canada. Participez au mouvement Rejoindre la coalition, c&#8217;est rejoindre un r\u00e9seau croissant d&#8217;individus et d&#8217;organisations engag\u00e9s en faveur d&#8217;une politique des drogues fond\u00e9e sur des [&hellip;]<\/p>\n","protected":false},"author":53,"featured_media":20712,"parent":22160,"menu_order":0,"comment_status":"closed","ping_status":"closed","template":"","meta":{"_acf_changed":false,"_crdt_document":"","footnotes":""},"class_list":["post-22155","page","type-page","status-publish","has-post-thumbnail","hentry"],"acf":[],"mb":[],"yoast_head":"<!-- This site is optimized with the Yoast SEO plugin v27.3 - https:\/\/yoast.com\/product\/yoast-seo-wordpress\/ -->\n<title>Rejoignez la coalition - Canadian Drug Policy Coalition<\/title>\n<meta name=\"robots\" content=\"index, follow, max-snippet:-1, max-image-preview:large, max-video-preview:-1\" \/>\n<link rel=\"canonical\" href=\"https:\/\/www.drugpolicy.ca\/fr\/passez-a-laction\/rejoignez-la-coalition\/\" \/>\n<meta property=\"og:locale\" content=\"fr_FR\" \/>\n<meta property=\"og:type\" content=\"article\" \/>\n<meta property=\"og:title\" content=\"Rejoignez la coalition - Canadian Drug Policy Coalition\" \/>\n<meta property=\"og:description\" content=\"La Coalition canadienne des politique sur les drogues est une organisation politique nationale qui travaille en partenariat avec des organisations et des individus dans des communaut\u00e9s \u00e0 travers tout le Canada. Participez au mouvement Rejoindre la coalition, c&#8217;est rejoindre un r\u00e9seau croissant d&#8217;individus et d&#8217;organisations engag\u00e9s en faveur d&#8217;une politique des drogues fond\u00e9e sur des [&hellip;]\" \/>\n<meta property=\"og:url\" content=\"https:\/\/www.drugpolicy.ca\/fr\/passez-a-laction\/rejoignez-la-coalition\/\" \/>\n<meta property=\"og:site_name\" content=\"Canadian Drug Policy Coalition\" \/>\n<meta property=\"article:modified_time\" content=\"2026-03-20T19:55:37+00:00\" \/>\n<meta property=\"og:image\" content=\"https:\/\/www.drugpolicy.ca\/wp-content\/uploads\/2025\/08\/human-chain-1024x441.png\" \/>\n\t<meta property=\"og:image:width\" content=\"1024\" \/>\n\t<meta property=\"og:image:height\" content=\"441\" \/>\n\t<meta property=\"og:image:type\" content=\"image\/png\" \/>\n<meta name=\"twitter:card\" content=\"summary_large_image\" \/>\n<meta name=\"twitter:label1\" content=\"Dur\u00e9e de lecture estim\u00e9e\" \/>\n\t<meta name=\"twitter:data1\" content=\"1 minute\" \/>\n<script type=\"application\/ld+json\" class=\"yoast-schema-graph\">{\"@context\":\"https:\\\/\\\/schema.org\",\"@graph\":[{\"@type\":\"WebPage\",\"@id\":\"https:\\\/\\\/www.drugpolicy.ca\\\/fr\\\/passez-a-laction\\\/rejoignez-la-coalition\\\/\",\"url\":\"https:\\\/\\\/www.drugpolicy.ca\\\/fr\\\/passez-a-laction\\\/rejoignez-la-coalition\\\/\",\"name\":\"Rejoignez la coalition - Canadian Drug Policy Coalition\",\"isPartOf\":{\"@id\":\"https:\\\/\\\/mail.canadiandrugpolicy.ca\\\/#website\"},\"primaryImageOfPage\":{\"@id\":\"https:\\\/\\\/www.drugpolicy.ca\\\/fr\\\/passez-a-laction\\\/rejoignez-la-coalition\\\/#primaryimage\"},\"image\":{\"@id\":\"https:\\\/\\\/www.drugpolicy.ca\\\/fr\\\/passez-a-laction\\\/rejoignez-la-coalition\\\/#primaryimage\"},\"thumbnailUrl\":\"https:\\\/\\\/www.drugpolicy.ca\\\/wp-content\\\/uploads\\\/2025\\\/08\\\/human-chain.png\",\"datePublished\":\"2026-01-19T21:16:48+00:00\",\"dateModified\":\"2026-03-20T19:55:37+00:00\",\"breadcrumb\":{\"@id\":\"https:\\\/\\\/www.drugpolicy.ca\\\/fr\\\/passez-a-laction\\\/rejoignez-la-coalition\\\/#breadcrumb\"},\"inLanguage\":\"fr-FR\",\"potentialAction\":[{\"@type\":\"ReadAction\",\"target\":[\"https:\\\/\\\/www.drugpolicy.ca\\\/fr\\\/passez-a-laction\\\/rejoignez-la-coalition\\\/\"]}]},{\"@type\":\"ImageObject\",\"inLanguage\":\"fr-FR\",\"@id\":\"https:\\\/\\\/www.drugpolicy.ca\\\/fr\\\/passez-a-laction\\\/rejoignez-la-coalition\\\/#primaryimage\",\"url\":\"https:\\\/\\\/www.drugpolicy.ca\\\/wp-content\\\/uploads\\\/2025\\\/08\\\/human-chain.png\",\"contentUrl\":\"https:\\\/\\\/www.drugpolicy.ca\\\/wp-content\\\/uploads\\\/2025\\\/08\\\/human-chain.png\",\"width\":2548,\"height\":1098,\"caption\":\"test\"},{\"@type\":\"BreadcrumbList\",\"@id\":\"https:\\\/\\\/www.drugpolicy.ca\\\/fr\\\/passez-a-laction\\\/rejoignez-la-coalition\\\/#breadcrumb\",\"itemListElement\":[{\"@type\":\"ListItem\",\"position\":1,\"name\":\"Home\",\"item\":\"https:\\\/\\\/www.drugpolicy.ca\\\/fr\\\/\"},{\"@type\":\"ListItem\",\"position\":2,\"name\":\"Passez \u00e0 l&#8217;action\",\"item\":\"https:\\\/\\\/mail.canadiandrugpolicy.ca\\\/fr\\\/passez-a-laction\\\/\"},{\"@type\":\"ListItem\",\"position\":3,\"name\":\"Rejoignez la coalition\"}]},{\"@type\":\"WebSite\",\"@id\":\"https:\\\/\\\/mail.canadiandrugpolicy.ca\\\/#website\",\"url\":\"https:\\\/\\\/mail.canadiandrugpolicy.ca\\\/\",\"name\":\"Canadian Drug Policy Coalition\",\"description\":\"Change policy. Save lives.\",\"publisher\":{\"@id\":\"https:\\\/\\\/mail.canadiandrugpolicy.ca\\\/#organization\"},\"potentialAction\":[{\"@type\":\"SearchAction\",\"target\":{\"@type\":\"EntryPoint\",\"urlTemplate\":\"https:\\\/\\\/mail.canadiandrugpolicy.ca\\\/?s={search_term_string}\"},\"query-input\":{\"@type\":\"PropertyValueSpecification\",\"valueRequired\":true,\"valueName\":\"search_term_string\"}}],\"inLanguage\":\"fr-FR\"},{\"@type\":\"Organization\",\"@id\":\"https:\\\/\\\/mail.canadiandrugpolicy.ca\\\/#organization\",\"name\":\"Canadian Drug Policy Coalition\",\"url\":\"https:\\\/\\\/mail.canadiandrugpolicy.ca\\\/\",\"logo\":{\"@type\":\"ImageObject\",\"inLanguage\":\"fr-FR\",\"@id\":\"https:\\\/\\\/mail.canadiandrugpolicy.ca\\\/#\\\/schema\\\/logo\\\/image\\\/\",\"url\":\"https:\\\/\\\/drugpolicy.ca\\\/wp-content\\\/uploads\\\/2019\\\/04\\\/CDPC-logo-white-on-red-150-dpi.jpg\",\"contentUrl\":\"https:\\\/\\\/drugpolicy.ca\\\/wp-content\\\/uploads\\\/2019\\\/04\\\/CDPC-logo-white-on-red-150-dpi.jpg\",\"width\":332,\"height\":333,\"caption\":\"Canadian Drug Policy Coalition\"},\"image\":{\"@id\":\"https:\\\/\\\/mail.canadiandrugpolicy.ca\\\/#\\\/schema\\\/logo\\\/image\\\/\"}}]}<\/script>\n<!-- \/ Yoast SEO plugin. -->","yoast_head_json":{"title":"Rejoignez la coalition - Canadian Drug Policy Coalition","robots":{"index":"index","follow":"follow","max-snippet":"max-snippet:-1","max-image-preview":"max-image-preview:large","max-video-preview":"max-video-preview:-1"},"canonical":"https:\/\/www.drugpolicy.ca\/fr\/passez-a-laction\/rejoignez-la-coalition\/","og_locale":"fr_FR","og_type":"article","og_title":"Rejoignez la coalition - Canadian Drug Policy Coalition","og_description":"La Coalition canadienne des politique sur les drogues est une organisation politique nationale qui travaille en partenariat avec des organisations et des individus dans des communaut\u00e9s \u00e0 travers tout le Canada. Participez au mouvement Rejoindre la coalition, c&#8217;est rejoindre un r\u00e9seau croissant d&#8217;individus et d&#8217;organisations engag\u00e9s en faveur d&#8217;une politique des drogues fond\u00e9e sur des [&hellip;]","og_url":"https:\/\/www.drugpolicy.ca\/fr\/passez-a-laction\/rejoignez-la-coalition\/","og_site_name":"Canadian Drug Policy Coalition","article_modified_time":"2026-03-20T19:55:37+00:00","og_image":[{"width":1024,"height":441,"url":"https:\/\/www.drugpolicy.ca\/wp-content\/uploads\/2025\/08\/human-chain-1024x441.png","type":"image\/png"}],"twitter_card":"summary_large_image","twitter_misc":{"Dur\u00e9e de lecture estim\u00e9e":"1 minute"},"schema":{"@context":"https:\/\/schema.org","@graph":[{"@type":"WebPage","@id":"https:\/\/www.drugpolicy.ca\/fr\/passez-a-laction\/rejoignez-la-coalition\/","url":"https:\/\/www.drugpolicy.ca\/fr\/passez-a-laction\/rejoignez-la-coalition\/","name":"Rejoignez la coalition - Canadian Drug Policy Coalition","isPartOf":{"@id":"https:\/\/mail.canadiandrugpolicy.ca\/#website"},"primaryImageOfPage":{"@id":"https:\/\/www.drugpolicy.ca\/fr\/passez-a-laction\/rejoignez-la-coalition\/#primaryimage"},"image":{"@id":"https:\/\/www.drugpolicy.ca\/fr\/passez-a-laction\/rejoignez-la-coalition\/#primaryimage"},"thumbnailUrl":"https:\/\/www.drugpolicy.ca\/wp-content\/uploads\/2025\/08\/human-chain.png","datePublished":"2026-01-19T21:16:48+00:00","dateModified":"2026-03-20T19:55:37+00:00","breadcrumb":{"@id":"https:\/\/www.drugpolicy.ca\/fr\/passez-a-laction\/rejoignez-la-coalition\/#breadcrumb"},"inLanguage":"fr-FR","potentialAction":[{"@type":"ReadAction","target":["https:\/\/www.drugpolicy.ca\/fr\/passez-a-laction\/rejoignez-la-coalition\/"]}]},{"@type":"ImageObject","inLanguage":"fr-FR","@id":"https:\/\/www.drugpolicy.ca\/fr\/passez-a-laction\/rejoignez-la-coalition\/#primaryimage","url":"https:\/\/www.drugpolicy.ca\/wp-content\/uploads\/2025\/08\/human-chain.png","contentUrl":"https:\/\/www.drugpolicy.ca\/wp-content\/uploads\/2025\/08\/human-chain.png","width":2548,"height":1098,"caption":"test"},{"@type":"BreadcrumbList","@id":"https:\/\/www.drugpolicy.ca\/fr\/passez-a-laction\/rejoignez-la-coalition\/#breadcrumb","itemListElement":[{"@type":"ListItem","position":1,"name":"Home","item":"https:\/\/www.drugpolicy.ca\/fr\/"},{"@type":"ListItem","position":2,"name":"Passez \u00e0 l&#8217;action","item":"https:\/\/mail.canadiandrugpolicy.ca\/fr\/passez-a-laction\/"},{"@type":"ListItem","position":3,"name":"Rejoignez la coalition"}]},{"@type":"WebSite","@id":"https:\/\/mail.canadiandrugpolicy.ca\/#website","url":"https:\/\/mail.canadiandrugpolicy.ca\/","name":"Canadian Drug Policy Coalition","description":"Change policy. Save lives.","publisher":{"@id":"https:\/\/mail.canadiandrugpolicy.ca\/#organization"},"potentialAction":[{"@type":"SearchAction","target":{"@type":"EntryPoint","urlTemplate":"https:\/\/mail.canadiandrugpolicy.ca\/?s={search_term_string}"},"query-input":{"@type":"PropertyValueSpecification","valueRequired":true,"valueName":"search_term_string"}}],"inLanguage":"fr-FR"},{"@type":"Organization","@id":"https:\/\/mail.canadiandrugpolicy.ca\/#organization","name":"Canadian Drug Policy Coalition","url":"https:\/\/mail.canadiandrugpolicy.ca\/","logo":{"@type":"ImageObject","inLanguage":"fr-FR","@id":"https:\/\/mail.canadiandrugpolicy.ca\/#\/schema\/logo\/image\/","url":"https:\/\/drugpolicy.ca\/wp-content\/uploads\/2019\/04\/CDPC-logo-white-on-red-150-dpi.jpg","contentUrl":"https:\/\/drugpolicy.ca\/wp-content\/uploads\/2019\/04\/CDPC-logo-white-on-red-150-dpi.jpg","width":332,"height":333,"caption":"Canadian Drug Policy Coalition"},"image":{"@id":"https:\/\/mail.canadiandrugpolicy.ca\/#\/schema\/logo\/image\/"}}]}},"mfb_rest_fields":["title","yoast_head","yoast_head_json"],"_links":{"self":[{"href":"https:\/\/www.drugpolicy.ca\/fr\/wp-json\/wp\/v2\/pages\/22155","targetHints":{"allow":["GET"]}}],"collection":[{"href":"https:\/\/www.drugpolicy.ca\/fr\/wp-json\/wp\/v2\/pages"}],"about":[{"href":"https:\/\/www.drugpolicy.ca\/fr\/wp-json\/wp\/v2\/types\/page"}],"author":[{"embeddable":true,"href":"https:\/\/www.drugpolicy.ca\/fr\/wp-json\/wp\/v2\/users\/53"}],"replies":[{"embeddable":true,"href":"https:\/\/www.drugpolicy.ca\/fr\/wp-json\/wp\/v2\/comments?post=22155"}],"version-history":[{"count":4,"href":"https:\/\/www.drugpolicy.ca\/fr\/wp-json\/wp\/v2\/pages\/22155\/revisions"}],"predecessor-version":[{"id":22504,"href":"https:\/\/www.drugpolicy.ca\/fr\/wp-json\/wp\/v2\/pages\/22155\/revisions\/22504"}],"up":[{"embeddable":true,"href":"https:\/\/www.drugpolicy.ca\/fr\/wp-json\/wp\/v2\/pages\/22160"}],"wp:featuredmedia":[{"embeddable":true,"href":"https:\/\/www.drugpolicy.ca\/fr\/wp-json\/wp\/v2\/media\/20712"}],"wp:attachment":[{"href":"https:\/\/www.drugpolicy.ca\/fr\/wp-json\/wp\/v2\/media?parent=22155"}],"curies":[{"name":"wp","href":"https:\/\/api.w.org\/{rel}","templated":true}]}}