{"id":22052,"date":"2026-01-19T11:46:01","date_gmt":"2026-01-19T19:46:01","guid":{"rendered":"https:\/\/drugpolicy.ca\/about-us\/contactez-nous\/"},"modified":"2026-01-19T11:46:03","modified_gmt":"2026-01-19T19:46:03","slug":"contactez-nous","status":"publish","type":"page","link":"https:\/\/www.drugpolicy.ca\/fr\/about-us\/contactez-nous\/","title":{"rendered":"Contactez nous"},"content":{"rendered":"\n<div class=\"wp-block-group alignwide is-layout-flow wp-block-group-is-layout-flow\">\n<div class=\"wp-block-columns is-layout-flex wp-container-core-columns-is-layout-794e3cfa wp-block-columns-is-layout-flex\">\n<div class=\"wp-block-column is-layout-flow wp-block-column-is-layout-flow\" style=\"flex-basis:40%\"><\/div>\n<\/div>\n<\/div>\n<figure style=\"aspect-ratio:21\/9; margin-top:var(--wp--preset--spacing--50);margin-bottom:var(--wp--preset--spacing--60);\" class=\"alignwide wp-block-post-featured-image\"><img loading=\"lazy\" decoding=\"async\" width=\"2548\" height=\"1098\" src=\"https:\/\/www.drugpolicy.ca\/wp-content\/uploads\/2025\/08\/classroom.png\" class=\"attachment-post-thumbnail size-post-thumbnail wp-post-image\" alt=\"classroom\" style=\"width:100%;height:100%;object-fit:cover;\" srcset=\"https:\/\/www.drugpolicy.ca\/wp-content\/uploads\/2025\/08\/classroom.png 2548w, https:\/\/www.drugpolicy.ca\/wp-content\/uploads\/2025\/08\/classroom-300x129.png 300w, https:\/\/www.drugpolicy.ca\/wp-content\/uploads\/2025\/08\/classroom-1024x441.png 1024w, https:\/\/www.drugpolicy.ca\/wp-content\/uploads\/2025\/08\/classroom-768x331.png 768w, https:\/\/www.drugpolicy.ca\/wp-content\/uploads\/2025\/08\/classroom-1536x662.png 1536w, https:\/\/www.drugpolicy.ca\/wp-content\/uploads\/2025\/08\/classroom-2048x883.png 2048w\" sizes=\"auto, (max-width: 2548px) 100vw, 2548px\" \/><\/figure>\n<div class=\"wp-block-group has-global-padding is-layout-constrained wp-block-group-is-layout-constrained\" style=\"margin-top:var(--wp--preset--spacing--50);margin-bottom:var(--wp--preset--spacing--80)\">\n<p class=\"has-x-large-font-size wp-block-paragraph\">Vos commentaires et vos questions sont les bienvenus. N&#8217;h\u00e9sitez pas \u00e0 nous contacter et nous vous r\u00e9pondrons dans la mesure du possible. <\/p>\n\n\n<div class=\"wpforms-container wpforms-block wpforms-block-c5160f89-436e-400d-b156-2df1fba22629 col-md-8 col-sm-12\" id=\"wpforms-6968\"><form id=\"wpforms-form-6968\" class=\"wpforms-validate wpforms-form\" data-formid=\"6968\" method=\"post\" enctype=\"multipart\/form-data\" action=\"\/fr\/wp-json\/wp\/v2\/pages\/22052\" data-token=\"b9f892e55d05f49b03259d7e9807f00c\" data-token-time=\"1776761341\"><noscript class=\"wpforms-error-noscript\">Veuillez activer JavaScript dans votre navigateur pour remplir ce formulaire.<\/noscript><div class=\"wpforms-field-container\"><div id=\"wpforms-6968-field_0-container\" class=\"wpforms-field wpforms-field-name\" data-field-id=\"0\"><label class=\"wpforms-field-label\">Name <span class=\"wpforms-required-label\">*<\/span><\/label><div class=\"wpforms-field-row wpforms-field-large\"><div class=\"wpforms-field-row-block wpforms-first wpforms-one-half\"><input type=\"text\" id=\"wpforms-6968-field_0\" class=\"wpforms-field-name-first wpforms-field-required\" name=\"wpforms[fields][0][first]\" required><label for=\"wpforms-6968-field_0\" class=\"wpforms-field-sublabel after\">Pr\u00e9nom<\/label><\/div><div class=\"wpforms-field-row-block wpforms-one-half\"><input type=\"text\" id=\"wpforms-6968-field_0-last\" class=\"wpforms-field-name-last wpforms-field-required\" name=\"wpforms[fields][0][last]\" required><label for=\"wpforms-6968-field_0-last\" class=\"wpforms-field-sublabel after\">Nom<\/label><\/div><\/div><\/div><div id=\"wpforms-6968-field_1-container\" class=\"wpforms-field wpforms-field-email\" data-field-id=\"1\"><label class=\"wpforms-field-label\" for=\"wpforms-6968-field_1\">Email <span class=\"wpforms-required-label\">*<\/span><\/label><input type=\"email\" id=\"wpforms-6968-field_1\" class=\"wpforms-field-large wpforms-field-required\" name=\"wpforms[fields][1]\" spellcheck=\"false\" required><\/div><div id=\"wpforms-6968-field_2-container\" class=\"wpforms-field wpforms-field-textarea\" data-field-id=\"2\"><label class=\"wpforms-field-label\" for=\"wpforms-6968-field_2\">Comment or Message <span class=\"wpforms-required-label\">*<\/span><\/label><textarea id=\"wpforms-6968-field_2\" class=\"wpforms-field-medium wpforms-field-required\" name=\"wpforms[fields][2]\" required><\/textarea><\/div><\/div><!-- .wpforms-field-container --><div class=\"wpforms-field wpforms-field-hp\"><label for=\"wpforms-6968-field-hp\" class=\"wpforms-field-label\">Phone<\/label><input type=\"text\" name=\"wpforms[hp]\" id=\"wpforms-6968-field-hp\" class=\"wpforms-field-medium\"><\/div><div class=\"wpforms-submit-container\" ><input type=\"hidden\" name=\"wpforms[id]\" value=\"6968\"><input type=\"hidden\" name=\"page_title\" value=\"\"><input type=\"hidden\" name=\"page_url\" value=\"https:\/\/www.drugpolicy.ca\/fr\/wp-json\/wp\/v2\/pages\/22052\"><input type=\"hidden\" name=\"url_referer\" value=\"\"><button type=\"submit\" name=\"wpforms[submit]\" id=\"wpforms-submit-6968\" class=\"wpforms-submit btn btn-primary\" data-alt-text=\"Sending...\" data-submit-text=\"Send Message\" aria-live=\"assertive\" value=\"wpforms-submit\">Send Message<\/button><\/div><\/form><\/div>  <!-- .wpforms-container --><\/div>\n\n<div class=\"wp-block-group alignfull is-style-section-5 has-global-padding is-layout-constrained wp-container-core-group-is-layout-de917e1e wp-block-group-is-layout-constrained is-style-section-5--1\" style=\"min-height:0vh;margin-top:0;margin-bottom:0;padding-top:var(--wp--preset--spacing--70);padding-right:var(--wp--preset--spacing--40);padding-bottom:var(--wp--preset--spacing--70);padding-left:var(--wp--preset--spacing--40)\">\n<div class=\"wp-block-group has-global-padding is-layout-constrained wp-container-core-group-is-layout-eb970f9a wp-block-group-is-layout-constrained\">\n<h2 class=\"wp-block-heading has-text-align-center\" style=\"margin-right:0;margin-left:0;padding-right:0;padding-left:0;font-size:clamp(2.2rem, 2.2rem + ((1vw - 0.2rem) * 3.019), 4rem);\">How to get in touch with us<\/h2>\n\n\n\n<hr class=\"wp-block-separator has-text-color has-accent-1-color has-alpha-channel-opacity has-accent-1-background-color has-background\" \/>\n\n\n\n<div class=\"wp-block-columns is-layout-flex wp-container-core-columns-is-layout-794e3cfa wp-block-columns-is-layout-flex\">\n<div class=\"wp-block-column is-layout-flow wp-block-column-is-layout-flow\" style=\"flex-basis:25%\">\n<p class=\"has-barlow-condensed-font-family has-x-large-font-size wp-block-paragraph\">Les r\u00e9seaux sociaux<\/p>\n\n\n\n<p class=\"wp-block-paragraph\"><a href=\"https:\/\/bsky.app\/profile\/candrugpolicy.bsky.social\">Bluesky<\/a><\/p>\n\n\n\n<p class=\"wp-block-paragraph\"><a href=\"https:\/\/www.instagram.com\/candrugpolicy\/\">Instagram<\/a><\/p>\n\n\n\n<p class=\"wp-block-paragraph\"><a href=\"https:\/\/www.facebook.com\/CANdrugpolicy\">Facebook<\/a><br \/><br \/><a href=\"https:\/\/www.linkedin.com\/company\/candrugpolicy\">LinkedIn<br \/><\/a><br \/><a href=\"https:\/\/www.youtube.com\/channel\/UCeEOlqVBeDx8g0BinFA2EWw\">YouTube<\/a><\/p>\n<\/div>\n\n\n\n<div class=\"wp-block-column is-layout-flow wp-block-column-is-layout-flow\" style=\"flex-basis:25%\">\n<p class=\"has-barlow-condensed-font-family has-x-large-font-size wp-block-paragraph\">La poste<\/p>\n\n\n\n<p class=\"wp-block-paragraph\">La Coalition canadienne des politiques sur les drogues<br \/><br \/>#107-515 West Hastings St<br \/><br \/>Vancouver, B.C.<br \/><br \/>V6B 5K3 <\/p>\n<\/div>\n\n\n\n<div class=\"wp-block-column is-layout-flow wp-block-column-is-layout-flow\" style=\"flex-basis:25%\">\n<p class=\"has-barlow-condensed-font-family has-x-large-font-size wp-block-paragraph\">Courriel<\/p>\n\n\n\n<p class=\"wp-block-paragraph\"><a href=\"mailto:cdpc@sfu.ca\" target=\"_blank\" rel=\"noreferrer noopener\">cdpc@sfu.ca<\/a><\/p>\n<\/div>\n<\/div>\n<\/div>\n<\/div>\n\n<div class=\"wp-block-group alignfull has-global-padding is-layout-constrained wp-container-core-group-is-layout-19ef35ef wp-block-group-is-layout-constrained\" style=\"min-height:0vh;margin-top:0;margin-bottom:0;padding-top:var(--wp--preset--spacing--80);padding-right:var(--wp--preset--spacing--40);padding-bottom:var(--wp--preset--spacing--80);padding-left:var(--wp--preset--spacing--40)\">\n<div class=\"wp-block-group has-global-padding is-layout-constrained wp-container-core-group-is-layout-eb970f9a wp-block-group-is-layout-constrained\">\n<h2 class=\"wp-block-heading has-text-align-center has-xx-large-font-size\" style=\"margin-right:0;margin-left:0;padding-right:0;padding-left:0\">Demandes des m\u00e9dias<\/h2>\n\n\n\n<p class=\"has-text-align-center has-large-font-size wp-block-paragraph\">Pour les demandes des m\u00e9dias, veuillez contacter notre directeur\u2219ice de la communication.<\/p>\n\n\n\n<div class=\"wp-block-buttons is-content-justification-center is-layout-flex wp-container-core-buttons-is-layout-35f06ea7 wp-block-buttons-is-layout-flex\">\n<div class=\"wp-block-button\"><a class=\"wp-block-button__link wp-element-button\" href=\"mailto:jessica_hannon@sfu.ca\">Contact Media<\/a><\/div>\n<\/div>\n<\/div>\n<\/div>\n","protected":false},"excerpt":{"rendered":"<p>Vos commentaires et vos questions sont les bienvenus. N&#8217;h\u00e9sitez pas \u00e0 nous contacter et nous vous r\u00e9pondrons dans la mesure du possible. How to get in touch with us Les r\u00e9seaux sociaux Bluesky Instagram Facebook LinkedInYouTube La poste La Coalition canadienne des politiques sur les drogues #107-515 West Hastings St Vancouver, B.C. V6B 5K3 Courriel [&hellip;]<\/p>\n","protected":false},"author":53,"featured_media":20523,"parent":22044,"menu_order":0,"comment_status":"closed","ping_status":"closed","template":"","meta":{"_acf_changed":false,"_crdt_document":"","footnotes":""},"class_list":["post-22052","page","type-page","status-publish","has-post-thumbnail","hentry"],"acf":[],"mb":[],"yoast_head":"<!-- This site is optimized with the Yoast SEO plugin v27.3 - https:\/\/yoast.com\/product\/yoast-seo-wordpress\/ -->\n<title>Contactez nous - Canadian Drug Policy Coalition<\/title>\n<meta name=\"robots\" content=\"index, follow, max-snippet:-1, max-image-preview:large, max-video-preview:-1\" \/>\n<link rel=\"canonical\" href=\"https:\/\/www.drugpolicy.ca\/fr\/about-us\/contactez-nous\/\" \/>\n<meta property=\"og:locale\" content=\"fr_FR\" \/>\n<meta property=\"og:type\" content=\"article\" \/>\n<meta property=\"og:title\" content=\"Contactez nous - Canadian Drug Policy Coalition\" \/>\n<meta property=\"og:description\" content=\"Vos commentaires et vos questions sont les bienvenus. N&#8217;h\u00e9sitez pas \u00e0 nous contacter et nous vous r\u00e9pondrons dans la mesure du possible. How to get in touch with us Les r\u00e9seaux sociaux Bluesky Instagram Facebook LinkedInYouTube La poste La Coalition canadienne des politiques sur les drogues #107-515 West Hastings St Vancouver, B.C. V6B 5K3 Courriel [&hellip;]\" \/>\n<meta property=\"og:url\" content=\"https:\/\/www.drugpolicy.ca\/fr\/about-us\/contactez-nous\/\" \/>\n<meta property=\"og:site_name\" content=\"Canadian Drug Policy Coalition\" \/>\n<meta property=\"article:modified_time\" content=\"2026-01-19T19:46:03+00:00\" \/>\n<meta property=\"og:image\" content=\"https:\/\/www.drugpolicy.ca\/wp-content\/uploads\/2025\/08\/classroom-1024x441.png\" \/>\n\t<meta property=\"og:image:width\" content=\"1024\" \/>\n\t<meta property=\"og:image:height\" content=\"441\" \/>\n\t<meta property=\"og:image:type\" content=\"image\/png\" \/>\n<meta name=\"twitter:card\" content=\"summary_large_image\" \/>\n<script type=\"application\/ld+json\" class=\"yoast-schema-graph\">{\"@context\":\"https:\\\/\\\/schema.org\",\"@graph\":[{\"@type\":\"WebPage\",\"@id\":\"https:\\\/\\\/www.drugpolicy.ca\\\/fr\\\/about-us\\\/contactez-nous\\\/\",\"url\":\"https:\\\/\\\/www.drugpolicy.ca\\\/fr\\\/about-us\\\/contactez-nous\\\/\",\"name\":\"Contactez nous - Canadian Drug Policy Coalition\",\"isPartOf\":{\"@id\":\"https:\\\/\\\/www.drugpolicy.ca\\\/fr\\\/#website\"},\"primaryImageOfPage\":{\"@id\":\"https:\\\/\\\/www.drugpolicy.ca\\\/fr\\\/about-us\\\/contactez-nous\\\/#primaryimage\"},\"image\":{\"@id\":\"https:\\\/\\\/www.drugpolicy.ca\\\/fr\\\/about-us\\\/contactez-nous\\\/#primaryimage\"},\"thumbnailUrl\":\"https:\\\/\\\/www.drugpolicy.ca\\\/wp-content\\\/uploads\\\/2025\\\/08\\\/classroom.png\",\"datePublished\":\"2026-01-19T19:46:01+00:00\",\"dateModified\":\"2026-01-19T19:46:03+00:00\",\"breadcrumb\":{\"@id\":\"https:\\\/\\\/www.drugpolicy.ca\\\/fr\\\/about-us\\\/contactez-nous\\\/#breadcrumb\"},\"inLanguage\":\"fr-FR\",\"potentialAction\":[{\"@type\":\"ReadAction\",\"target\":[\"https:\\\/\\\/www.drugpolicy.ca\\\/fr\\\/about-us\\\/contactez-nous\\\/\"]}]},{\"@type\":\"ImageObject\",\"inLanguage\":\"fr-FR\",\"@id\":\"https:\\\/\\\/www.drugpolicy.ca\\\/fr\\\/about-us\\\/contactez-nous\\\/#primaryimage\",\"url\":\"https:\\\/\\\/www.drugpolicy.ca\\\/wp-content\\\/uploads\\\/2025\\\/08\\\/classroom.png\",\"contentUrl\":\"https:\\\/\\\/www.drugpolicy.ca\\\/wp-content\\\/uploads\\\/2025\\\/08\\\/classroom.png\",\"width\":2548,\"height\":1098,\"caption\":\"classroom\"},{\"@type\":\"BreadcrumbList\",\"@id\":\"https:\\\/\\\/www.drugpolicy.ca\\\/fr\\\/about-us\\\/contactez-nous\\\/#breadcrumb\",\"itemListElement\":[{\"@type\":\"ListItem\",\"position\":1,\"name\":\"Home\",\"item\":\"https:\\\/\\\/mail.drugpolicy.ca\\\/fr\\\/\"},{\"@type\":\"ListItem\",\"position\":2,\"name\":\"About Us\",\"item\":\"https:\\\/\\\/www.drugpolicy.ca\\\/fr\\\/about-us\\\/\"},{\"@type\":\"ListItem\",\"position\":3,\"name\":\"Contactez nous\"}]},{\"@type\":\"WebSite\",\"@id\":\"https:\\\/\\\/www.drugpolicy.ca\\\/fr\\\/#website\",\"url\":\"https:\\\/\\\/www.drugpolicy.ca\\\/fr\\\/\",\"name\":\"Canadian Drug Policy Coalition\",\"description\":\"Change policy. Save lives.\",\"publisher\":{\"@id\":\"https:\\\/\\\/www.drugpolicy.ca\\\/fr\\\/#organization\"},\"potentialAction\":[{\"@type\":\"SearchAction\",\"target\":{\"@type\":\"EntryPoint\",\"urlTemplate\":\"https:\\\/\\\/www.drugpolicy.ca\\\/fr\\\/?s={search_term_string}\"},\"query-input\":{\"@type\":\"PropertyValueSpecification\",\"valueRequired\":true,\"valueName\":\"search_term_string\"}}],\"inLanguage\":\"fr-FR\"},{\"@type\":\"Organization\",\"@id\":\"https:\\\/\\\/www.drugpolicy.ca\\\/fr\\\/#organization\",\"name\":\"Canadian Drug Policy Coalition\",\"url\":\"https:\\\/\\\/www.drugpolicy.ca\\\/fr\\\/\",\"logo\":{\"@type\":\"ImageObject\",\"inLanguage\":\"fr-FR\",\"@id\":\"https:\\\/\\\/www.drugpolicy.ca\\\/fr\\\/#\\\/schema\\\/logo\\\/image\\\/\",\"url\":\"https:\\\/\\\/drugpolicy.ca\\\/wp-content\\\/uploads\\\/2019\\\/04\\\/CDPC-logo-white-on-red-150-dpi.jpg\",\"contentUrl\":\"https:\\\/\\\/drugpolicy.ca\\\/wp-content\\\/uploads\\\/2019\\\/04\\\/CDPC-logo-white-on-red-150-dpi.jpg\",\"width\":332,\"height\":333,\"caption\":\"Canadian Drug Policy Coalition\"},\"image\":{\"@id\":\"https:\\\/\\\/www.drugpolicy.ca\\\/fr\\\/#\\\/schema\\\/logo\\\/image\\\/\"}}]}<\/script>\n<!-- \/ Yoast SEO plugin. -->","yoast_head_json":{"title":"Contactez nous - Canadian Drug Policy Coalition","robots":{"index":"index","follow":"follow","max-snippet":"max-snippet:-1","max-image-preview":"max-image-preview:large","max-video-preview":"max-video-preview:-1"},"canonical":"https:\/\/www.drugpolicy.ca\/fr\/about-us\/contactez-nous\/","og_locale":"fr_FR","og_type":"article","og_title":"Contactez nous - Canadian Drug Policy Coalition","og_description":"Vos commentaires et vos questions sont les bienvenus. N&#8217;h\u00e9sitez pas \u00e0 nous contacter et nous vous r\u00e9pondrons dans la mesure du possible. How to get in touch with us Les r\u00e9seaux sociaux Bluesky Instagram Facebook LinkedInYouTube La poste La Coalition canadienne des politiques sur les drogues #107-515 West Hastings St Vancouver, B.C. V6B 5K3 Courriel [&hellip;]","og_url":"https:\/\/www.drugpolicy.ca\/fr\/about-us\/contactez-nous\/","og_site_name":"Canadian Drug Policy Coalition","article_modified_time":"2026-01-19T19:46:03+00:00","og_image":[{"width":1024,"height":441,"url":"https:\/\/www.drugpolicy.ca\/wp-content\/uploads\/2025\/08\/classroom-1024x441.png","type":"image\/png"}],"twitter_card":"summary_large_image","schema":{"@context":"https:\/\/schema.org","@graph":[{"@type":"WebPage","@id":"https:\/\/www.drugpolicy.ca\/fr\/about-us\/contactez-nous\/","url":"https:\/\/www.drugpolicy.ca\/fr\/about-us\/contactez-nous\/","name":"Contactez nous - Canadian Drug Policy Coalition","isPartOf":{"@id":"https:\/\/www.drugpolicy.ca\/fr\/#website"},"primaryImageOfPage":{"@id":"https:\/\/www.drugpolicy.ca\/fr\/about-us\/contactez-nous\/#primaryimage"},"image":{"@id":"https:\/\/www.drugpolicy.ca\/fr\/about-us\/contactez-nous\/#primaryimage"},"thumbnailUrl":"https:\/\/www.drugpolicy.ca\/wp-content\/uploads\/2025\/08\/classroom.png","datePublished":"2026-01-19T19:46:01+00:00","dateModified":"2026-01-19T19:46:03+00:00","breadcrumb":{"@id":"https:\/\/www.drugpolicy.ca\/fr\/about-us\/contactez-nous\/#breadcrumb"},"inLanguage":"fr-FR","potentialAction":[{"@type":"ReadAction","target":["https:\/\/www.drugpolicy.ca\/fr\/about-us\/contactez-nous\/"]}]},{"@type":"ImageObject","inLanguage":"fr-FR","@id":"https:\/\/www.drugpolicy.ca\/fr\/about-us\/contactez-nous\/#primaryimage","url":"https:\/\/www.drugpolicy.ca\/wp-content\/uploads\/2025\/08\/classroom.png","contentUrl":"https:\/\/www.drugpolicy.ca\/wp-content\/uploads\/2025\/08\/classroom.png","width":2548,"height":1098,"caption":"classroom"},{"@type":"BreadcrumbList","@id":"https:\/\/www.drugpolicy.ca\/fr\/about-us\/contactez-nous\/#breadcrumb","itemListElement":[{"@type":"ListItem","position":1,"name":"Home","item":"https:\/\/mail.drugpolicy.ca\/fr\/"},{"@type":"ListItem","position":2,"name":"About Us","item":"https:\/\/www.drugpolicy.ca\/fr\/about-us\/"},{"@type":"ListItem","position":3,"name":"Contactez nous"}]},{"@type":"WebSite","@id":"https:\/\/www.drugpolicy.ca\/fr\/#website","url":"https:\/\/www.drugpolicy.ca\/fr\/","name":"Canadian Drug Policy Coalition","description":"Change policy. Save lives.","publisher":{"@id":"https:\/\/www.drugpolicy.ca\/fr\/#organization"},"potentialAction":[{"@type":"SearchAction","target":{"@type":"EntryPoint","urlTemplate":"https:\/\/www.drugpolicy.ca\/fr\/?s={search_term_string}"},"query-input":{"@type":"PropertyValueSpecification","valueRequired":true,"valueName":"search_term_string"}}],"inLanguage":"fr-FR"},{"@type":"Organization","@id":"https:\/\/www.drugpolicy.ca\/fr\/#organization","name":"Canadian Drug Policy Coalition","url":"https:\/\/www.drugpolicy.ca\/fr\/","logo":{"@type":"ImageObject","inLanguage":"fr-FR","@id":"https:\/\/www.drugpolicy.ca\/fr\/#\/schema\/logo\/image\/","url":"https:\/\/drugpolicy.ca\/wp-content\/uploads\/2019\/04\/CDPC-logo-white-on-red-150-dpi.jpg","contentUrl":"https:\/\/drugpolicy.ca\/wp-content\/uploads\/2019\/04\/CDPC-logo-white-on-red-150-dpi.jpg","width":332,"height":333,"caption":"Canadian Drug Policy Coalition"},"image":{"@id":"https:\/\/www.drugpolicy.ca\/fr\/#\/schema\/logo\/image\/"}}]}},"mfb_rest_fields":["title","yoast_head","yoast_head_json"],"_links":{"self":[{"href":"https:\/\/www.drugpolicy.ca\/fr\/wp-json\/wp\/v2\/pages\/22052","targetHints":{"allow":["GET"]}}],"collection":[{"href":"https:\/\/www.drugpolicy.ca\/fr\/wp-json\/wp\/v2\/pages"}],"about":[{"href":"https:\/\/www.drugpolicy.ca\/fr\/wp-json\/wp\/v2\/types\/page"}],"author":[{"embeddable":true,"href":"https:\/\/www.drugpolicy.ca\/fr\/wp-json\/wp\/v2\/users\/53"}],"replies":[{"embeddable":true,"href":"https:\/\/www.drugpolicy.ca\/fr\/wp-json\/wp\/v2\/comments?post=22052"}],"version-history":[{"count":2,"href":"https:\/\/www.drugpolicy.ca\/fr\/wp-json\/wp\/v2\/pages\/22052\/revisions"}],"predecessor-version":[{"id":22054,"href":"https:\/\/www.drugpolicy.ca\/fr\/wp-json\/wp\/v2\/pages\/22052\/revisions\/22054"}],"up":[{"embeddable":true,"href":"https:\/\/www.drugpolicy.ca\/fr\/wp-json\/wp\/v2\/pages\/22044"}],"wp:featuredmedia":[{"embeddable":true,"href":"https:\/\/www.drugpolicy.ca\/fr\/wp-json\/wp\/v2\/media\/20523"}],"wp:attachment":[{"href":"https:\/\/www.drugpolicy.ca\/fr\/wp-json\/wp\/v2\/media?parent=22052"}],"curies":[{"name":"wp","href":"https:\/\/api.w.org\/{rel}","templated":true}]}}